{"id":810,"date":"2025-02-12T23:04:18","date_gmt":"2025-02-12T22:04:18","guid":{"rendered":"http:\/\/localhost\/wordpress\/?page_id=810"},"modified":"2025-08-15T10:05:23","modified_gmt":"2025-08-15T08:05:23","slug":"ausbildung","status":"publish","type":"page","link":"https:\/\/www.kamerunpartner.com\/home\/ausbildung\/","title":{"rendered":"Ausbildung"},"content":{"rendered":"\n<p class=\"has-text-align-center\" style=\"font-size:22px\"><strong><strong>Ausbildung f\u00f6rdern &#8211; Gesundheit st\u00e4rken <\/strong><\/strong><\/p>\n\n\n\n<p class=\"has-text-align-left\" style=\"font-size:17px\">Die medizinische Unterversorgung in Kamerun veranlasst auch unseren Verein, die prek\u00e4re Situation langfristig durch gezielte Ausbildungsf\u00f6rderung zu verbessern. <\/p>\n\n\n\n<figure class=\"wp-block-image alignright size-full is-resized\" style=\"margin-bottom:0\"><img loading=\"lazy\" decoding=\"async\" width=\"393\" height=\"574\" src=\"https:\/\/www.kamerunpartner.com\/home\/wp-content\/uploads\/2025\/08\/Bild1-1.jpg\" alt=\"\" class=\"wp-image-2985\" style=\"width:300px\" srcset=\"https:\/\/www.kamerunpartner.com\/home\/wp-content\/uploads\/2025\/08\/Bild1-1.jpg 393w, https:\/\/www.kamerunpartner.com\/home\/wp-content\/uploads\/2025\/08\/Bild1-1-205x300.jpg 205w\" sizes=\"auto, (max-width: 393px) 100vw, 393px\" \/><figcaption class=\"wp-element-caption\"><em>Dr. Aboubakar Silas<\/em><\/figcaption><\/figure>\n\n\n\n<p class=\"has-text-align-left\" style=\"font-size:17px\">W\u00e4hrend in \u00d6sterreich auf 10.000 Einwohner 55 \u00c4rztinnen und \u00c4rzte kommen, muss sich in Kamerun eine einzige medizinische Fachkraft um dieselbe Anzahl an Patienten k\u00fcmmern.<\/p>\n\n\n\n<figure class=\"wp-block-image alignleft size-full is-resized\"><img loading=\"lazy\" decoding=\"async\" width=\"595\" height=\"853\" src=\"https:\/\/www.kamerunpartner.com\/home\/wp-content\/uploads\/2025\/08\/Bild2.png\" alt=\"\" class=\"wp-image-2996\" style=\"width:300px\" srcset=\"https:\/\/www.kamerunpartner.com\/home\/wp-content\/uploads\/2025\/08\/Bild2.png 595w, https:\/\/www.kamerunpartner.com\/home\/wp-content\/uploads\/2025\/08\/Bild2-209x300.png 209w\" sizes=\"auto, (max-width: 595px) 100vw, 595px\" \/><figcaption class=\"wp-element-caption\"><em>Dr. Junior Yansen<\/em><\/figcaption><\/figure>\n\n\n\n<p class=\"has-text-align-left\" style=\"font-size:17px\">Besonders dramatisch ist die Situation aber in den n\u00f6rdlichen Regionen, wo teilweise oft weit \u00fcber 20.000 Menschen auf einen Arzt angewiesen sind.<\/p>\n\n\n\n<p>Unser Verein setzt genau an dieser kritischen Stelle an. Durch die gezielte F\u00f6rderung von medizinischen Ausbildungen schaffen wir nicht nur Perspektiven f\u00fcr junge Menschen, sondern st\u00e4rken das gesamte Gesundheitssystem dieser Region. Mit unseren j\u00e4hrlichen F\u00f6rdermitteln in H\u00f6he von ca. \u20ac 12.000,00 erm\u00f6glichen wir begabten Studierenden den Zugang zu einer qualifizierten medizinischen Ausbildung, wobei wir besonderen Wert auf die praktische klinische Ausbildung legen &#8211; eine entscheidende Voraussetzung, da die Absolventen unmittelbar nach ihrem Studium verantwortungsvolle Aufgaben \u00fcbernehmen m\u00fcssen.<\/p>\n\n\n\n<p><\/p>\n\n\n\n<p>Die Erfolge unserer Arbeit sind bereits sichtbar. Mehrere von uns gef\u00f6rderte \u00c4rztinnen und \u00c4rzte praktizieren heute im Krankenhaus von Ngaoubela oder in umliegenden Krankenh\u00e4usern und Gesundheitszentren, wo sie t\u00e4glich lebenswichtige medizinische Versorgung leisten. Gleichzeitig tragen von uns ausgebildete Hebammen entscheidend dazu bei, die alarmierend hohe M\u00fcttersterblichkeit in der Region zu senken. Neben der Grundversorgung f\u00f6rdern wir gezielt Spezialausbildungen f\u00fcr Krankenpfleger:innen und medizinisches Fachpersonal. Jede dieser Fachkr\u00e4fte versorgt j\u00e4hrlich hunderte Patienten, oft unter schwierigsten Bedingungen mit veralteter Ausstattung und knappen Medikamenten. Die Herausforderungen bleiben enorm, doch unsere F\u00f6rderung zeigt Wirkung auf mehreren Ebenen. Sie schafft nicht nur Zukunftschancen f\u00fcr junge Menschen in Kamerun, sondern verbessert konkret und nachhaltig die medizinische Versorgung vor Ort.<\/p>\n\n\n\n<p class=\"has-text-align-left\" style=\"font-size:17px\"><\/p>\n\n\n\n<br>\n\n\n\n<figure class=\"wp-block-table is-style-regular has-medium-font-size\" style=\"padding-top:0;padding-bottom:0\"><table class=\"has-ast-global-color-7-background-color has-background has-fixed-layout\" style=\"border-style:none;border-width:0px\"><tbody><tr><td class=\"has-text-align-center\" data-align=\"center\"><strong>Entwicklungspartnerschaft f\u00fcr Kamerun<\/strong><br><strong>Spendenkonto: Vorarlberger Hypothekenbank   &#8211;   IBAN: AT33 5800 0123 5853 5117&nbsp; BIC: HYPVAT2B<\/strong><\/td><\/tr><\/tbody><\/table><\/figure>\n","protected":false},"excerpt":{"rendered":"<p>Ausbildung f\u00f6rdern &#8211; Gesundheit st\u00e4rken Die medizinische Unterversorgung in Kamerun veranlasst auch unseren Verein, die prek\u00e4re Situation langfristig durch gezielte Ausbildungsf\u00f6rderung zu verbessern. W\u00e4hrend in \u00d6sterreich auf 10.000 Einwohner 55 \u00c4rztinnen und \u00c4rzte kommen, muss sich in Kamerun eine einzige medizinische Fachkraft um dieselbe Anzahl an Patienten k\u00fcmmern. Besonders dramatisch ist die Situation aber in [&hellip;]<\/p>\n","protected":false},"author":1,"featured_media":0,"parent":0,"menu_order":0,"comment_status":"closed","ping_status":"closed","template":"","meta":{"site-sidebar-layout":"left-sidebar","site-content-layout":"plain-container","ast-site-content-layout":"default","site-content-style":"boxed","site-sidebar-style":"boxed","ast-global-header-display":"","ast-banner-title-visibility":"","ast-main-header-display":"","ast-hfb-above-header-display":"","ast-hfb-below-header-display":"","ast-hfb-mobile-header-display":"","site-post-title":"disabled","ast-breadcrumbs-content":"","ast-featured-img":"","footer-sml-layout":"","ast-disable-related-posts":"","theme-transparent-header-meta":"disabled","adv-header-id-meta":"","stick-header-meta":"","header-above-stick-meta":"","header-main-stick-meta":"","header-below-stick-meta":"","astra-migrate-meta-layouts":"default","ast-page-background-enabled":"default","ast-page-background-meta":{"desktop":{"background-color":"var(--ast-global-color-5)","background-image":"","background-repeat":"repeat","background-position":"center center","background-size":"auto","background-attachment":"scroll","background-type":"","background-media":"","overlay-type":"","overlay-color":"","overlay-opacity":"","overlay-gradient":""},"tablet":{"background-color":"","background-image":"","background-repeat":"repeat","background-position":"center center","background-size":"auto","background-attachment":"scroll","background-type":"","background-media":"","overlay-type":"","overlay-color":"","overlay-opacity":"","overlay-gradient":""},"mobile":{"background-color":"","background-image":"","background-repeat":"repeat","background-position":"center center","background-size":"auto","background-attachment":"scroll","background-type":"","background-media":"","overlay-type":"","overlay-color":"","overlay-opacity":"","overlay-gradient":""}},"ast-content-background-meta":{"desktop":{"background-color":"var(--ast-global-color-4)","background-image":"","background-repeat":"repeat","background-position":"center center","background-size":"auto","background-attachment":"scroll","background-type":"","background-media":"","overlay-type":"","overlay-color":"","overlay-opacity":"","overlay-gradient":""},"tablet":{"background-color":"var(--ast-global-color-4)","background-image":"","background-repeat":"repeat","background-position":"center center","background-size":"auto","background-attachment":"scroll","background-type":"","background-media":"","overlay-type":"","overlay-color":"","overlay-opacity":"","overlay-gradient":""},"mobile":{"background-color":"var(--ast-global-color-4)","background-image":"","background-repeat":"repeat","background-position":"center center","background-size":"auto","background-attachment":"scroll","background-type":"","background-media":"","overlay-type":"","overlay-color":"","overlay-opacity":"","overlay-gradient":""}},"footnotes":""},"class_list":["post-810","page","type-page","status-publish","hentry"],"_links":{"self":[{"href":"https:\/\/www.kamerunpartner.com\/home\/wp-json\/wp\/v2\/pages\/810","targetHints":{"allow":["GET"]}}],"collection":[{"href":"https:\/\/www.kamerunpartner.com\/home\/wp-json\/wp\/v2\/pages"}],"about":[{"href":"https:\/\/www.kamerunpartner.com\/home\/wp-json\/wp\/v2\/types\/page"}],"author":[{"embeddable":true,"href":"https:\/\/www.kamerunpartner.com\/home\/wp-json\/wp\/v2\/users\/1"}],"replies":[{"embeddable":true,"href":"https:\/\/www.kamerunpartner.com\/home\/wp-json\/wp\/v2\/comments?post=810"}],"version-history":[{"count":90,"href":"https:\/\/www.kamerunpartner.com\/home\/wp-json\/wp\/v2\/pages\/810\/revisions"}],"predecessor-version":[{"id":3026,"href":"https:\/\/www.kamerunpartner.com\/home\/wp-json\/wp\/v2\/pages\/810\/revisions\/3026"}],"wp:attachment":[{"href":"https:\/\/www.kamerunpartner.com\/home\/wp-json\/wp\/v2\/media?parent=810"}],"curies":[{"name":"wp","href":"https:\/\/api.w.org\/{rel}","templated":true}]}}