{"id":439,"date":"2025-02-10T13:51:25","date_gmt":"2025-02-10T12:51:25","guid":{"rendered":"http:\/\/localhost\/wordpress\/?page_id=439"},"modified":"2025-07-25T23:29:01","modified_gmt":"2025-07-25T21:29:01","slug":"op_trakt","status":"publish","type":"page","link":"https:\/\/www.kamerunpartner.com\/home\/op_trakt\/","title":{"rendered":"Bau des OP-Traktes"},"content":{"rendered":"\n<h2 class=\"wp-block-heading has-text-align-center has-medium-font-size\" style=\"border-style:none;border-width:0px;padding-top:0;padding-right:0;padding-bottom:0;padding-left:0\">Der neue Operationstrakt ist er\u00f6ffnet und in Betrieb genommen<\/h2>\n\n\n\n<h2 class=\"wp-block-heading has-text-align-center has-small-font-size\">2011 &#8211; 2014<\/h2>\n\n\n\n<p><\/p>\n\n\n\n<p class=\"has-text-align-left\">Der 19. M\u00e4rz 2014 war ein besonderer Festtag f\u00fcr Ngaoubela und die gesamte Region Tibati. An diesem Tag&nbsp; erfolgte in einer gro\u00dfen, w\u00fcrdigen Feier die Einweihung und offizielle Er\u00f6ffnung des neuen Operationstrakts des Krankenhauses. Dieser Neubau des Operationsgeb\u00e4udes &nbsp;war ein wesentliches Ziel unseres Vereins, da die alten R\u00e4umlichkeiten &#8211; insbesondere was die hygienischen Verh\u00e4ltnisse und die \u00dcberwachungsm\u00f6glichkeiten nach den Operationen anlangte &#8211;&nbsp; selbst f\u00fcr bescheidene kamerunische&nbsp; Anforderungen einfach nicht mehr gen\u00fcgten und dringlich zu verbessern waren. <\/p>\n\n\n\n<figure class=\"wp-block-image alignright size-full is-resized\"><img loading=\"lazy\" decoding=\"async\" width=\"2048\" height=\"1342\" src=\"https:\/\/www.kamerunpartner.com\/home\/wp-content\/uploads\/2025\/03\/Bild03.jpg\" alt=\"\" class=\"wp-image-1525\" style=\"width:600px\"\/><\/figure>\n\n\n\n<p class=\"has-text-align-left\">Viele Menschen waren es, die mitgeholfen haben, dieses Geb\u00e4ude zu errichten: Herr Dr. Richard Fischer, spendete in gro\u00dfz\u00fcgiger Weise die finanziellen Mittel und machte so den Bau prim\u00e4r m\u00f6glich. Die architektonische Planung und Realisierung des Projekts&nbsp;f\u00fchrte Univ. Prof. Hermann Kaufmann mit Studenten und Studentinnen der Technischen Universit\u00e4t M\u00fcnchen durch. Diese&nbsp;erstellten prim\u00e4r einen Masterplan f\u00fcr die zuk\u00fcnftige (bauliche) Entwicklung des Krankenhauses Ngaoubela. Sie zeichneten in einem zwei Semester dauernden Praktikum aber nicht nur detaillierte Pl\u00e4ne eines neuen OP-Geb\u00e4udes, sie waren unter Leitung des Univ. Ass. Matthias Kestel auch gemeinsam f\u00fcr sechs&nbsp;&nbsp;Wochen vor Ort, um tatkr\u00e4ftig &#8222;Hand an zulegen&#8220; und den Rohbau&nbsp;&nbsp;des&nbsp;&nbsp;Geb\u00e4udes&nbsp;&nbsp;gemeinsam&nbsp;mit flei\u00dfigen kameruanischen Bauarbeitern&nbsp;&nbsp;zu&nbsp;&nbsp;errichten. Die Arbeit war durchaus beschwerlich: so wurden die Bauziegel vor Ort in einfachen Holzformen&nbsp;hergestellt, der dazu notwendige Sand&nbsp;&nbsp;vorher h\u00e4ndisch aus dem Fluss gesch\u00f6pft. Die schweren&nbsp;&nbsp;Holzteile der doch aufwendigen Dachkonstruktion mussten einzeln nur mit Menschenkraft hochgezogen werden. Bauen im l\u00e4ndlichen Afrika ist auch heute noch viel Handarbeit und erfolgt ohne gr\u00f6\u00dfere maschinelle Hilfe. Es&nbsp; entstand ein Geb\u00e4ude, welches nicht nur eine Verbesserung der medizinische Betreuung erm\u00f6glichen soll, sondern das auch von hoher architektonischer Qualit\u00e4t ist: Der neue OP-Trakt hat ua. durch eine besondere, Luftdurchzug erm\u00f6glichende Dachkonstruktion, sehr gute raumklimatische Eigenschaften, die keine sonstige maschinelle K\u00fchlung notwendig machen. Auch optisch wurde trotz vergleichsweise geringer Kosten (Gesamtpreis ohne Einrichtung \u20ac 100.000,00) nicht nur ein reiner Zweckbau errichtet, <\/p>\n\n\n\n<figure class=\"wp-block-image alignleft size-full is-resized\"><img loading=\"lazy\" decoding=\"async\" width=\"2048\" height=\"1536\" src=\"https:\/\/www.kamerunpartner.com\/home\/wp-content\/uploads\/2025\/03\/Bild11.jpg\" alt=\"\" class=\"wp-image-1533\" style=\"width:500px\"\/><\/figure>\n\n\n\n<p class=\"has-text-align-left\">sondern ein Geb\u00e4ude geschaffen, das sich im bisherigen Baubestand gut einf\u00fcgt und etwa durch seine Fensterkonstruktion, welche &#8222;die Innenr\u00e4ume mit Licht durchfluten&#8220; architektonisch sehr ansprechend und \u00e4sthetisch wirkt. Am Festtag&nbsp; war nicht nur &#8222;ganz Ngaoubela &nbsp;auf den Beinen&#8220;, \u00fcber 150 geladene G\u00e4ste aus der Region kamen, teilweise nach langer Anreise, zur viele Stunden dauernden Er\u00f6ffnung.<\/p>\n\n\n\n<p class=\"has-text-align-left\">Das Fest wurde mit einer religi\u00f6sen Feier durch den Krankenhaustr\u00e4ger, der evangelisch-lutheranischen Kirche Kameruns, eingeleitet.&nbsp; Anschlie\u00dfend ergriffen insgesamt gleich zehn (!) Festredner das Wort. Alle wichtigen politischen und religi\u00f6sen (christliche und islamische) Pers\u00f6nlichkeiten der Region Tibati &#8211; Adamaoua &nbsp;und auch ein Vertreter des Gesundheitsministeriums der Republik Kameruns waren anwesend. Auch von unserer Seite&nbsp; wurden durch Gerhard M\u00fcller, durch den Spender und den Architekten der Dank an alle ausgesprochen, die beigetragen hatten, diesen OP-Trakt &nbsp;in einer so tollen Zusammenarbeit zwischen europ\u00e4ischen und afrikanischen Menschen zu bauen. Nat\u00fcrlich wurde die wesentliche Zielsetzung dieses Neubaues, die Verbesserung der medizinischen Betreuung, betont und dar\u00fcber hinaus festgehalten, dass das neue Operationsgeb\u00e4ude gerade auch die \u00e4u\u00dferen Arbeitsbedingungen deutlich und nachhaltig verbessern und damit Anreiz sein soll, dass in Zukunft verst\u00e4rkt afrikanische \u00c4rzte in diesem Krankenhaus in der abgelegenen Region Adamaoua arbeiten wollen. Die Lage in den Nachbarstaaten Kameruns, Nigeria und der Zentralafrikanischen Republik, ist derzeit durch religi\u00f6s-politische Konflikte von grausamer Gewalt gepr\u00e4gt. Umso mehr gibt Kamerun, gibt die Region Adamaoua ein gro\u00dfes Beispiel daf\u00fcr, dass Menschen unterschiedlicher Ethnien und Religionen, im besonderen Christen und Muslime, friedlich zusammenleben k\u00f6nnen. Das Er\u00f6ffnungsfest demonstrierte dies in deutlicher Weise.<\/p>\n\n\n\n<br>\n\n\n\n<div class=\"wp-block-buttons is-content-justification-center is-layout-flex wp-container-core-buttons-is-layout-a89b3969 wp-block-buttons-is-layout-flex\">\n<div class=\"wp-block-button\"><a class=\"wp-block-button__link wp-element-button\" href=\"https:\/\/www.kamerunpartner.com\/home\/op_trakt_fotogalerie\/\">Fotogalerie<\/a><\/div>\n<\/div>\n\n\n\n<br>\n\n\n\n<figure class=\"wp-block-table is-style-regular has-medium-font-size\" style=\"padding-top:0;padding-bottom:0\"><table class=\"has-ast-global-color-7-background-color has-background has-fixed-layout\" style=\"border-style:none;border-width:0px\"><tbody><tr><td class=\"has-text-align-center\" data-align=\"center\"><strong>Entwicklungspartnerschaft f\u00fcr Kamerun<\/strong><br><strong>Spendenkonto: Vorarlberger Hypothekenbank   &#8211;   IBAN: AT33 5800 0123 5853 5117&nbsp; BIC: HYPVAT2B<\/strong><\/td><\/tr><\/tbody><\/table><\/figure>\n","protected":false},"excerpt":{"rendered":"<p>Der neue Operationstrakt ist er\u00f6ffnet und in Betrieb genommen 2011 &#8211; 2014 Der 19. M\u00e4rz 2014 war ein besonderer Festtag f\u00fcr Ngaoubela und die gesamte Region Tibati. An diesem Tag&nbsp; erfolgte in einer gro\u00dfen, w\u00fcrdigen Feier die Einweihung und offizielle Er\u00f6ffnung des neuen Operationstrakts des Krankenhauses. Dieser Neubau des Operationsgeb\u00e4udes &nbsp;war ein wesentliches Ziel unseres [&hellip;]<\/p>\n","protected":false},"author":1,"featured_media":0,"parent":0,"menu_order":0,"comment_status":"closed","ping_status":"closed","template":"","meta":{"site-sidebar-layout":"left-sidebar","site-content-layout":"plain-container","ast-site-content-layout":"default","site-content-style":"default","site-sidebar-style":"default","ast-global-header-display":"","ast-banner-title-visibility":"","ast-main-header-display":"","ast-hfb-above-header-display":"","ast-hfb-below-header-display":"","ast-hfb-mobile-header-display":"","site-post-title":"disabled","ast-breadcrumbs-content":"","ast-featured-img":"","footer-sml-layout":"","ast-disable-related-posts":"","theme-transparent-header-meta":"disabled","adv-header-id-meta":"","stick-header-meta":"","header-above-stick-meta":"","header-main-stick-meta":"","header-below-stick-meta":"","astra-migrate-meta-layouts":"default","ast-page-background-enabled":"default","ast-page-background-meta":{"desktop":{"background-color":"var(--ast-global-color-5)","background-image":"","background-repeat":"repeat","background-position":"center center","background-size":"auto","background-attachment":"scroll","background-type":"","background-media":"","overlay-type":"","overlay-color":"","overlay-opacity":"","overlay-gradient":""},"tablet":{"background-color":"","background-image":"","background-repeat":"repeat","background-position":"center center","background-size":"auto","background-attachment":"scroll","background-type":"","background-media":"","overlay-type":"","overlay-color":"","overlay-opacity":"","overlay-gradient":""},"mobile":{"background-color":"","background-image":"","background-repeat":"repeat","background-position":"center center","background-size":"auto","background-attachment":"scroll","background-type":"","background-media":"","overlay-type":"","overlay-color":"","overlay-opacity":"","overlay-gradient":""}},"ast-content-background-meta":{"desktop":{"background-color":"var(--ast-global-color-4)","background-image":"","background-repeat":"repeat","background-position":"center center","background-size":"auto","background-attachment":"scroll","background-type":"","background-media":"","overlay-type":"","overlay-color":"","overlay-opacity":"","overlay-gradient":""},"tablet":{"background-color":"var(--ast-global-color-4)","background-image":"","background-repeat":"repeat","background-position":"center center","background-size":"auto","background-attachment":"scroll","background-type":"","background-media":"","overlay-type":"","overlay-color":"","overlay-opacity":"","overlay-gradient":""},"mobile":{"background-color":"var(--ast-global-color-4)","background-image":"","background-repeat":"repeat","background-position":"center center","background-size":"auto","background-attachment":"scroll","background-type":"","background-media":"","overlay-type":"","overlay-color":"","overlay-opacity":"","overlay-gradient":""}},"footnotes":""},"class_list":["post-439","page","type-page","status-publish","hentry"],"_links":{"self":[{"href":"https:\/\/www.kamerunpartner.com\/home\/wp-json\/wp\/v2\/pages\/439","targetHints":{"allow":["GET"]}}],"collection":[{"href":"https:\/\/www.kamerunpartner.com\/home\/wp-json\/wp\/v2\/pages"}],"about":[{"href":"https:\/\/www.kamerunpartner.com\/home\/wp-json\/wp\/v2\/types\/page"}],"author":[{"embeddable":true,"href":"https:\/\/www.kamerunpartner.com\/home\/wp-json\/wp\/v2\/users\/1"}],"replies":[{"embeddable":true,"href":"https:\/\/www.kamerunpartner.com\/home\/wp-json\/wp\/v2\/comments?post=439"}],"version-history":[{"count":119,"href":"https:\/\/www.kamerunpartner.com\/home\/wp-json\/wp\/v2\/pages\/439\/revisions"}],"predecessor-version":[{"id":2577,"href":"https:\/\/www.kamerunpartner.com\/home\/wp-json\/wp\/v2\/pages\/439\/revisions\/2577"}],"wp:attachment":[{"href":"https:\/\/www.kamerunpartner.com\/home\/wp-json\/wp\/v2\/media?parent=439"}],"curies":[{"name":"wp","href":"https:\/\/api.w.org\/{rel}","templated":true}]}}