{"id":1954,"date":"2025-04-18T09:13:51","date_gmt":"2025-04-18T07:13:51","guid":{"rendered":"https:\/\/www.kamerunpartner.com\/home\/?page_id=1954"},"modified":"2025-10-15T19:03:55","modified_gmt":"2025-10-15T17:03:55","slug":"impressum","status":"publish","type":"page","link":"https:\/\/www.kamerunpartner.com\/home\/impressum\/","title":{"rendered":"Impressum"},"content":{"rendered":"\n<h2 class=\"wp-block-heading has-text-align-center has-medium-font-size\">Impressum<\/h2>\n\n\n\n<p style=\"font-size:17px\"><\/p>\n\n\n\n<p class=\"has-text-align-left\"><strong>F\u00fcr den Inhalt verantwortlich:<\/strong><br>ENTWICKLUNGSPARTNERSCHAFT F\u00dcR KAMERUN<br>Obfrau: Dr. Elisabeth Neier<br>Gartenstra\u00dfe 10<br>A \u2013 6700 Bludenz<\/p>\n\n\n\n<p class=\"has-text-align-left\"><a href=\"https:\/\/www.kamerunpartner.com\/home\/wp-content\/uploads\/2025\/04\/Vereinsregisterauszug.pdf\">Vereinsregister ZVR-Zahl: 780833882<\/a><\/p>\n\n\n\n<br>\n\n\n\n<p class=\"has-text-align-left\"><strong>Vereinszweck:<\/strong><\/p>\n\n\n\n<p>Der Verein, dessen T\u00e4tigkeit nicht auf Gewinn gerichtet ist, bezweckt die Entwicklungspartnerschaft, insbesondere auf medizinischen, wirtschaftlichen und handwerklichen Gebieten in Kamerun.<\/p>\n\n\n\n<p><strong>Gemeinn\u00fctzigkeit:<\/strong><\/p>\n\n\n\n<p>Der Verein verfolgt ausschlie\u00dflich gemeinn\u00fctzige Zwecke gem\u00e4\u00df \u00a7 34 bis 47 Bundesabgabenordnung BAO sowie den Vereinsstatuten. Spenden sind steuerlich absetzbar.<\/p>\n\n\n\n<p><strong>Haftung f\u00fcr Links:<\/strong><br>Trotz sorgf\u00e4ltiger inhaltlicher Kontrolle \u00fcbernimmt der Verein &#8222;Entwicklungspartnerschaft f\u00fcr Kamerun&#8220; keine Haftung f\u00fcr die Inhalte externer Links oder f\u00fcr Inhalte auf Websites von deren Partnern und Betrieben, auf die gegebenenfalls mittels Links verwiesen wird. F\u00fcr den Inhalt der verlinkten Seiten sind ausschlie\u00dflich deren Betreiber verantwortlich.<\/p>\n\n\n\n<p class=\"has-text-align-left\"><strong>Urheberrechte, Nutzungsbedingungen:<\/strong><br>Der Inhalt dieser Website ist urheberrechtlich gesch\u00fctzt. S\u00e4mtliche Inhalte, Texte, Grafiken und Fotos sind Eigentum des Vereines &#8222;Entwicklungspartnerschaft f\u00fcr Kamerun&#8220;, alle Rechte vorbehalten. Bestimmte Inhalte k\u00f6nnen weiters auch den Urheberrechts- und Nutzungsbedingungen von Partnern oder Lieferanten unterliegen. Die Bereitstellung von Inhalten und Bildmaterial dieser Website auf anderen Websites ist nur mit ausdr\u00fccklicher Genehmigung des Vereines &#8222;Entwicklungspartnerschaft f\u00fcr Kamerun&#8220; gestattet. Die auf dieser Website enthaltenen Angaben werden nach bestem Wissen erstellt und mit gro\u00dfer Sorgfalt auf ihre Richtigkeit \u00fcberpr\u00fcft. Trotzdem sind inhaltliche und sachliche Fehler nicht vollst\u00e4ndig auszuschlie\u00dfen. Der Verein &#8222;Entwicklungspartnerschaft f\u00fcr Kamerun&#8220; \u00fcbernimmt keinerlei Garantie und Haftung f\u00fcr die Richtigkeit, Aktualit\u00e4t und Vollst\u00e4ndigkeit der bereitgestellten Informationen. Alle Angaben sind ohne Gew\u00e4hr. Dies gilt auch f\u00fcr alle Links zu anderen URLs, die auf dieser Website genannt werden.<\/p>\n\n\n\n<p class=\"has-text-align-left\"><strong>Diese Website benutzt Google Analytics 4:<\/strong><br>Hier handelt es sich um einen Webanalysedienst der Google Inc., um eine Analyse der Benutzung der Website zu erm\u00f6glichen. Die durch den Einsatz von Google Analytics erzeugten Informationen \u00fcber Ihre Nutzung diese Website (einschlie\u00dflich Ihrer IP-Adresse) werden an einen Server der Google Inc. in den USA \u00fcbertragen und dort gespeichert. Google wird diese Informationen lediglich dazu verwenden, die Nutzung der Website zu analysieren, indem anonymisierte Auswertungen und Grafiken zur Anzahl der Besuche, Anzahl der pro Nutzer aufgerufenen Seiten usw. erstellt werden. Diese setzen wir ausschlie\u00dflich zu Zwecken der eigenen Information \u00fcber die Besucher unserer Homepage und vor allem der Optimierung und bedarfsgerechten Gestaltung unserer Webseite ein. Mehr Informationen zur von Google eingesetzten Technologie finden sie unter&nbsp;<a href=\"http:\/\/www.google.de\/analytics\" target=\"_blank\" rel=\"noreferrer noopener\">www.google.de\/analytics<\/a>.<\/p>\n\n\n\n<p><strong>Ausf\u00fchrung und Programmierung der Website:<\/strong><\/p>\n\n\n\n<p>Die Homepage wurde auf ehrenamtliches Basis von Mitarbeiter:innen des Vereins erstellt.<\/p>\n\n\n\n<br>\n\n\n\n<p><strong><a href=\"https:\/\/www.kamerunpartner.com\/home\/kontakt\/\" data-type=\"page\" data-id=\"1833\">Mail an den Verein &#8222;Entwicklungspartnerschaft f\u00fcr Kamerun<\/a><\/strong>&#8222;<\/p>\n\n\n\n<br>\n\n\n\n<figure class=\"wp-block-table is-style-regular has-medium-font-size\" style=\"padding-top:0;padding-bottom:0\"><table class=\"has-ast-global-color-7-background-color has-background has-fixed-layout\" style=\"border-style:none;border-width:0px\"><tbody><tr><td class=\"has-text-align-center\" data-align=\"center\"><strong>Entwicklungspartnerschaft f\u00fcr Kamerun<\/strong><br><strong>Spendenkonto: Vorarlberger Hypothekenbank   &#8211;   IBAN: AT33 5800 0123 5853 5117&nbsp; BIC: HYPVAT2B<\/strong><\/td><\/tr><\/tbody><\/table><\/figure>\n\n\n\n<p><\/p>\n\n\n\n<p><\/p>\n","protected":false},"excerpt":{"rendered":"<p>Impressum F\u00fcr den Inhalt verantwortlich:ENTWICKLUNGSPARTNERSCHAFT F\u00dcR KAMERUNObfrau: Dr. Elisabeth NeierGartenstra\u00dfe 10A \u2013 6700 Bludenz Vereinsregister ZVR-Zahl: 780833882 Vereinszweck: Der Verein, dessen T\u00e4tigkeit nicht auf Gewinn gerichtet ist, bezweckt die Entwicklungspartnerschaft, insbesondere auf medizinischen, wirtschaftlichen und handwerklichen Gebieten in Kamerun. Gemeinn\u00fctzigkeit: Der Verein verfolgt ausschlie\u00dflich gemeinn\u00fctzige Zwecke gem\u00e4\u00df \u00a7 34 bis 47 Bundesabgabenordnung BAO sowie den [&hellip;]<\/p>\n","protected":false},"author":1,"featured_media":0,"parent":0,"menu_order":0,"comment_status":"closed","ping_status":"closed","template":"","meta":{"site-sidebar-layout":"left-sidebar","site-content-layout":"plain-container","ast-site-content-layout":"default","site-content-style":"default","site-sidebar-style":"default","ast-global-header-display":"","ast-banner-title-visibility":"","ast-main-header-display":"","ast-hfb-above-header-display":"","ast-hfb-below-header-display":"","ast-hfb-mobile-header-display":"","site-post-title":"disabled","ast-breadcrumbs-content":"","ast-featured-img":"","footer-sml-layout":"","ast-disable-related-posts":"","theme-transparent-header-meta":"disabled","adv-header-id-meta":"","stick-header-meta":"","header-above-stick-meta":"","header-main-stick-meta":"","header-below-stick-meta":"","astra-migrate-meta-layouts":"default","ast-page-background-enabled":"default","ast-page-background-meta":{"desktop":{"background-color":"var(--ast-global-color-5)","background-image":"","background-repeat":"repeat","background-position":"center center","background-size":"auto","background-attachment":"scroll","background-type":"","background-media":"","overlay-type":"","overlay-color":"","overlay-opacity":"","overlay-gradient":""},"tablet":{"background-color":"","background-image":"","background-repeat":"repeat","background-position":"center center","background-size":"auto","background-attachment":"scroll","background-type":"","background-media":"","overlay-type":"","overlay-color":"","overlay-opacity":"","overlay-gradient":""},"mobile":{"background-color":"","background-image":"","background-repeat":"repeat","background-position":"center center","background-size":"auto","background-attachment":"scroll","background-type":"","background-media":"","overlay-type":"","overlay-color":"","overlay-opacity":"","overlay-gradient":""}},"ast-content-background-meta":{"desktop":{"background-color":"var(--ast-global-color-4)","background-image":"","background-repeat":"repeat","background-position":"center center","background-size":"auto","background-attachment":"scroll","background-type":"","background-media":"","overlay-type":"","overlay-color":"","overlay-opacity":"","overlay-gradient":""},"tablet":{"background-color":"var(--ast-global-color-4)","background-image":"","background-repeat":"repeat","background-position":"center center","background-size":"auto","background-attachment":"scroll","background-type":"","background-media":"","overlay-type":"","overlay-color":"","overlay-opacity":"","overlay-gradient":""},"mobile":{"background-color":"var(--ast-global-color-4)","background-image":"","background-repeat":"repeat","background-position":"center center","background-size":"auto","background-attachment":"scroll","background-type":"","background-media":"","overlay-type":"","overlay-color":"","overlay-opacity":"","overlay-gradient":""}},"footnotes":""},"class_list":["post-1954","page","type-page","status-publish","hentry"],"_links":{"self":[{"href":"https:\/\/www.kamerunpartner.com\/home\/wp-json\/wp\/v2\/pages\/1954","targetHints":{"allow":["GET"]}}],"collection":[{"href":"https:\/\/www.kamerunpartner.com\/home\/wp-json\/wp\/v2\/pages"}],"about":[{"href":"https:\/\/www.kamerunpartner.com\/home\/wp-json\/wp\/v2\/types\/page"}],"author":[{"embeddable":true,"href":"https:\/\/www.kamerunpartner.com\/home\/wp-json\/wp\/v2\/users\/1"}],"replies":[{"embeddable":true,"href":"https:\/\/www.kamerunpartner.com\/home\/wp-json\/wp\/v2\/comments?post=1954"}],"version-history":[{"count":23,"href":"https:\/\/www.kamerunpartner.com\/home\/wp-json\/wp\/v2\/pages\/1954\/revisions"}],"predecessor-version":[{"id":3032,"href":"https:\/\/www.kamerunpartner.com\/home\/wp-json\/wp\/v2\/pages\/1954\/revisions\/3032"}],"wp:attachment":[{"href":"https:\/\/www.kamerunpartner.com\/home\/wp-json\/wp\/v2\/media?parent=1954"}],"curies":[{"name":"wp","href":"https:\/\/api.w.org\/{rel}","templated":true}]}}