{"id":1833,"date":"2025-04-15T22:56:25","date_gmt":"2025-04-15T20:56:25","guid":{"rendered":"http:\/\/localhost\/wordpress\/?page_id=1833"},"modified":"2025-07-14T18:21:33","modified_gmt":"2025-07-14T16:21:33","slug":"kontakt","status":"publish","type":"page","link":"https:\/\/www.kamerunpartner.com\/home\/kontakt\/","title":{"rendered":"Kontakt"},"content":{"rendered":"\n<h2 class=\"wp-block-heading alignwide has-text-align-center has-medium-font-size\">Sie wollen mit uns Kontakt aufnehmen?<\/h2>\n\n\n\n<p class=\"has-text-align-center\">Schreiben Sie uns eine E-Mail oder verwenden Sie das nachstehende Kontaktformular. Wir bedanken uns und werden uns bem\u00fchen, zu Ihrer Anfrage ehest m\u00f6glich Stellung zu nehmen.<\/p>\n\n\n\n<p class=\"has-text-align-center\">Unsere Postadresse: <strong>A-6800 Feldkirch, Winzerweg 3<\/strong><\/p>\n\n\n\n<br>\n<br>\n\n\n\n<div class=\"wp-block-contact-form-7-contact-form-selector\">\n<div class=\"wpcf7 no-js\" id=\"wpcf7-f1870-o1\" lang=\"de-AT\" dir=\"ltr\" data-wpcf7-id=\"1870\">\n<div class=\"screen-reader-response\"><p role=\"status\" aria-live=\"polite\" aria-atomic=\"true\"><\/p> <ul><\/ul><\/div>\n<form action=\"\/home\/wp-json\/wp\/v2\/pages\/1833#wpcf7-f1870-o1\" method=\"post\" class=\"wpcf7-form init\" aria-label=\"Contact form\" novalidate=\"novalidate\" data-status=\"init\">\n<fieldset class=\"hidden-fields-container\"><input type=\"hidden\" name=\"_wpcf7\" value=\"1870\" \/><input type=\"hidden\" name=\"_wpcf7_version\" value=\"6.1.4\" \/><input type=\"hidden\" name=\"_wpcf7_locale\" value=\"de_AT\" \/><input type=\"hidden\" name=\"_wpcf7_unit_tag\" value=\"wpcf7-f1870-o1\" \/><input type=\"hidden\" name=\"_wpcf7_container_post\" value=\"0\" \/><input type=\"hidden\" name=\"_wpcf7_posted_data_hash\" value=\"\" \/><input type=\"hidden\" name=\"_wpcf7_recaptcha_response\" value=\"\" \/>\n<\/fieldset>\n<p><label for=\"your-name\">Vor- \/ Familienname<\/label><br \/>\n<span class=\"wpcf7-form-control-wrap\" data-name=\"your-name\"><input size=\"40\" maxlength=\"400\" class=\"wpcf7-form-control wpcf7-text wpcf7-validates-as-required\" id=\"your-name\" autocomplete=\"name\" aria-required=\"true\" aria-invalid=\"false\" value=\"\" type=\"text\" name=\"your-name\" \/><\/span>\n<\/p>\n<p><label for=\"your-email\">E-Mail-Adresse<\/label><br \/>\n<span class=\"wpcf7-form-control-wrap\" data-name=\"your-email\"><input size=\"40\" maxlength=\"400\" class=\"wpcf7-form-control wpcf7-email wpcf7-validates-as-required wpcf7-text wpcf7-validates-as-email\" id=\"your-email\" autocomplete=\"email\" aria-required=\"true\" aria-invalid=\"false\" value=\"\" type=\"email\" name=\"your-email\" \/><\/span>\n<\/p>\n<p><label for=\"your-subject\">Betreff<\/label><br \/>\n<span class=\"wpcf7-form-control-wrap\" data-name=\"your-subject\"><input size=\"40\" maxlength=\"400\" class=\"wpcf7-form-control wpcf7-text wpcf7-validates-as-required\" id=\"your-subject\" aria-required=\"true\" aria-invalid=\"false\" value=\"\" type=\"text\" name=\"your-subject\" \/><\/span>\n<\/p>\n<p><label for=\"your-message\">Deine Nachricht (optional)<\/label><br \/>\n<span class=\"wpcf7-form-control-wrap\" data-name=\"your-message\"><textarea cols=\"40\" rows=\"10\" maxlength=\"2000\" class=\"wpcf7-form-control wpcf7-textarea\" id=\"your-message\" aria-invalid=\"false\" name=\"your-message\"><\/textarea><\/span>\n<\/p>\n<p><span id=\"wpcf7-69ff1b1c33259-wrapper\" class=\"wpcf7-form-control-wrap trap-field-wrap\" style=\"display:none !important; visibility:hidden !important;\"><label for=\"wpcf7-69ff1b1c33259-field\" class=\"hp-message\">Please leave this field empty.<\/label><input id=\"wpcf7-69ff1b1c33259-field\"  class=\"wpcf7-form-control wpcf7-text\" type=\"text\" name=\"trap-field\" value=\"\" size=\"40\" tabindex=\"-1\" autocomplete=\"new-password\" \/><\/span><!-- Unsichtbares Feld f\u00fcr Bots -->\n<\/p>\n<p><input class=\"wpcf7-form-control wpcf7-submit has-spinner custom-submit\" type=\"submit\" value=\"Nachricht senden\" \/>\n<\/p><p style=\"display: none !important;\" class=\"akismet-fields-container\" data-prefix=\"_wpcf7_ak_\"><label>&#916;<textarea name=\"_wpcf7_ak_hp_textarea\" cols=\"45\" rows=\"8\" maxlength=\"100\"><\/textarea><\/label><input type=\"hidden\" id=\"ak_js_1\" name=\"_wpcf7_ak_js\" value=\"140\"\/><script>document.getElementById( \"ak_js_1\" ).setAttribute( \"value\", ( new Date() ).getTime() );<\/script><\/p><div class=\"wpcf7-response-output\" aria-hidden=\"true\"><\/div>\n<\/form>\n<\/div>\n<\/div>\n\n\n\n\n\n<figure class=\"wp-block-table is-style-regular has-medium-font-size\" style=\"padding-top:0;padding-bottom:0\"><table class=\"has-ast-global-color-7-background-color has-background has-fixed-layout\" style=\"border-style:none;border-width:0px\"><tbody><tr><td class=\"has-text-align-center\" data-align=\"center\"><strong>Entwicklungspartnerschaft f\u00fcr Kamerun<\/strong><br><strong>Spendenkonto: Vorarlberger Hypothekenbank   &#8211;   IBAN: AT33 5800 0123 5853 5117&nbsp; BIC: HYPVAT2B<\/strong><\/td><\/tr><\/tbody><\/table><\/figure>\n","protected":false},"excerpt":{"rendered":"<p>Sie wollen mit uns Kontakt aufnehmen? Schreiben Sie uns eine E-Mail oder verwenden Sie das nachstehende Kontaktformular. Wir bedanken uns und werden uns bem\u00fchen, zu Ihrer Anfrage ehest m\u00f6glich Stellung zu nehmen. Unsere Postadresse: A-6800 Feldkirch, Winzerweg 3 Entwicklungspartnerschaft f\u00fcr KamerunSpendenkonto: Vorarlberger Hypothekenbank &#8211; IBAN: AT33 5800 0123 5853 5117&nbsp; BIC: HYPVAT2B<\/p>\n","protected":false},"author":1,"featured_media":0,"parent":0,"menu_order":0,"comment_status":"closed","ping_status":"closed","template":"","meta":{"site-sidebar-layout":"left-sidebar","site-content-layout":"plain-container","ast-site-content-layout":"default","site-content-style":"default","site-sidebar-style":"default","ast-global-header-display":"","ast-banner-title-visibility":"","ast-main-header-display":"","ast-hfb-above-header-display":"","ast-hfb-below-header-display":"","ast-hfb-mobile-header-display":"","site-post-title":"disabled","ast-breadcrumbs-content":"","ast-featured-img":"","footer-sml-layout":"","ast-disable-related-posts":"","theme-transparent-header-meta":"disabled","adv-header-id-meta":"","stick-header-meta":"","header-above-stick-meta":"","header-main-stick-meta":"","header-below-stick-meta":"","astra-migrate-meta-layouts":"default","ast-page-background-enabled":"default","ast-page-background-meta":{"desktop":{"background-color":"var(--ast-global-color-5)","background-image":"","background-repeat":"repeat","background-position":"center center","background-size":"auto","background-attachment":"scroll","background-type":"","background-media":"","overlay-type":"","overlay-color":"","overlay-opacity":"","overlay-gradient":""},"tablet":{"background-color":"","background-image":"","background-repeat":"repeat","background-position":"center center","background-size":"auto","background-attachment":"scroll","background-type":"","background-media":"","overlay-type":"","overlay-color":"","overlay-opacity":"","overlay-gradient":""},"mobile":{"background-color":"","background-image":"","background-repeat":"repeat","background-position":"center center","background-size":"auto","background-attachment":"scroll","background-type":"","background-media":"","overlay-type":"","overlay-color":"","overlay-opacity":"","overlay-gradient":""}},"ast-content-background-meta":{"desktop":{"background-color":"var(--ast-global-color-4)","background-image":"","background-repeat":"repeat","background-position":"center center","background-size":"auto","background-attachment":"scroll","background-type":"","background-media":"","overlay-type":"","overlay-color":"","overlay-opacity":"","overlay-gradient":""},"tablet":{"background-color":"var(--ast-global-color-4)","background-image":"","background-repeat":"repeat","background-position":"center center","background-size":"auto","background-attachment":"scroll","background-type":"","background-media":"","overlay-type":"","overlay-color":"","overlay-opacity":"","overlay-gradient":""},"mobile":{"background-color":"var(--ast-global-color-4)","background-image":"","background-repeat":"repeat","background-position":"center center","background-size":"auto","background-attachment":"scroll","background-type":"","background-media":"","overlay-type":"","overlay-color":"","overlay-opacity":"","overlay-gradient":""}},"footnotes":""},"class_list":["post-1833","page","type-page","status-publish","hentry"],"_links":{"self":[{"href":"https:\/\/www.kamerunpartner.com\/home\/wp-json\/wp\/v2\/pages\/1833","targetHints":{"allow":["GET"]}}],"collection":[{"href":"https:\/\/www.kamerunpartner.com\/home\/wp-json\/wp\/v2\/pages"}],"about":[{"href":"https:\/\/www.kamerunpartner.com\/home\/wp-json\/wp\/v2\/types\/page"}],"author":[{"embeddable":true,"href":"https:\/\/www.kamerunpartner.com\/home\/wp-json\/wp\/v2\/users\/1"}],"replies":[{"embeddable":true,"href":"https:\/\/www.kamerunpartner.com\/home\/wp-json\/wp\/v2\/comments?post=1833"}],"version-history":[{"count":26,"href":"https:\/\/www.kamerunpartner.com\/home\/wp-json\/wp\/v2\/pages\/1833\/revisions"}],"predecessor-version":[{"id":2516,"href":"https:\/\/www.kamerunpartner.com\/home\/wp-json\/wp\/v2\/pages\/1833\/revisions\/2516"}],"wp:attachment":[{"href":"https:\/\/www.kamerunpartner.com\/home\/wp-json\/wp\/v2\/media?parent=1833"}],"curies":[{"name":"wp","href":"https:\/\/api.w.org\/{rel}","templated":true}]}}