{"id":1750,"date":"2025-03-21T12:09:55","date_gmt":"2025-03-21T11:09:55","guid":{"rendered":"http:\/\/localhost\/wordpress\/?page_id=1750"},"modified":"2025-08-15T09:42:49","modified_gmt":"2025-08-15T07:42:49","slug":"projekte-2","status":"publish","type":"page","link":"https:\/\/www.kamerunpartner.com\/home\/projekte-2\/","title":{"rendered":"Projekte"},"content":{"rendered":"\n<p class=\"has-text-align-center has-medium-font-size\"><strong>Unsere Projekte im Fokus \u2013 Nachhaltige Impulse f\u00fcr Kamerun<\/strong><\/p>\n\n\n\n<p>Mit unseren Projekten in Kamerun setzen wir gezielte Akzente f\u00fcr eine nachhaltige Entwicklung. Entdecken Sie hier die Berichte zu den einzelnen Initiativen, die gemeinsam mit unseren Partnern wichtige Fortschritte f\u00fcr die Menschen vor Ort erm\u00f6glichen.<\/p>\n\n\n\n<div class=\"wp-block-columns is-layout-flex wp-container-core-columns-is-layout-549979c2 wp-block-columns-is-layout-flex\" style=\"margin-top:0;margin-bottom:0;padding-top:var(--wp--preset--spacing--60);padding-right:0;padding-bottom:var(--wp--preset--spacing--60);padding-left:0\">\n<div class=\"wp-block-column is-layout-flow wp-block-column-is-layout-flow\">\n<figure class=\"wp-block-image aligncenter size-full is-resized\"><a href=\"https:\/\/www.kamerunpartner.com\/home\/op_trakt\/\"><img loading=\"lazy\" decoding=\"async\" width=\"2048\" height=\"1342\" src=\"https:\/\/www.kamerunpartner.com\/home\/wp-content\/uploads\/2025\/03\/Bild03.jpg\" alt=\"\" class=\"wp-image-1525\" style=\"object-fit:cover;width:300px;height:200px\"\/><\/a><\/figure>\n\n\n\n<div class=\"wp-block-buttons is-content-justification-center is-layout-flex wp-container-core-buttons-is-layout-a89b3969 wp-block-buttons-is-layout-flex\">\n<div class=\"wp-block-button\"><a class=\"wp-block-button__link wp-element-button\" href=\"https:\/\/www.kamerunpartner.com\/home\/op_trakt\/\">Neubau OP-Trakt<\/a><\/div>\n<\/div>\n<\/div>\n\n\n\n<div class=\"wp-block-column is-layout-flow wp-block-column-is-layout-flow\">\n<figure class=\"wp-block-image aligncenter size-full is-resized\"><a href=\"https:\/\/www.kamerunpartner.com\/home\/freiwilligenhaus\/\"><img loading=\"lazy\" decoding=\"async\" width=\"1240\" height=\"710\" src=\"https:\/\/www.kamerunpartner.com\/home\/wp-content\/uploads\/2025\/03\/Vorarlberghaus.jpg\" alt=\"\" class=\"wp-image-1790\" style=\"object-fit:cover;width:300px;height:200px\"\/><\/a><\/figure>\n\n\n\n<div class=\"wp-block-buttons is-content-justification-center is-layout-flex wp-container-core-buttons-is-layout-a89b3969 wp-block-buttons-is-layout-flex\">\n<div class=\"wp-block-button\"><a class=\"wp-block-button__link has-text-align-center wp-element-button\" href=\"https:\/\/www.kamerunpartner.com\/home\/freiwilligenhaus\/\">Freiwilligen-Haus<\/a><\/div>\n<\/div>\n<\/div>\n\n\n\n<div class=\"wp-block-column is-layout-flow wp-block-column-is-layout-flow\">\n<figure class=\"wp-block-image aligncenter size-full is-resized\"><a href=\"https:\/\/www.kamerunpartner.com\/home\/ausbildung\/\"><img loading=\"lazy\" decoding=\"async\" width=\"393\" height=\"262\" src=\"https:\/\/www.kamerunpartner.com\/home\/wp-content\/uploads\/2025\/08\/Abou.jpg\" alt=\"\" class=\"wp-image-3018\" style=\"object-fit:cover;width:300px;height:200px\" srcset=\"https:\/\/www.kamerunpartner.com\/home\/wp-content\/uploads\/2025\/08\/Abou.jpg 393w, https:\/\/www.kamerunpartner.com\/home\/wp-content\/uploads\/2025\/08\/Abou-300x200.jpg 300w\" sizes=\"auto, (max-width: 393px) 100vw, 393px\" \/><\/a><\/figure>\n\n\n\n<div class=\"wp-block-buttons is-content-justification-center is-layout-flex wp-container-core-buttons-is-layout-a89b3969 wp-block-buttons-is-layout-flex\">\n<div class=\"wp-block-button\"><a class=\"wp-block-button__link wp-element-button\" href=\"https:\/\/www.kamerunpartner.com\/home\/ausbildung\/\">Ausbildung<\/a><\/div>\n<\/div>\n<\/div>\n\n\n\n<div class=\"wp-block-column is-layout-flow wp-block-column-is-layout-flow\">\n<figure class=\"wp-block-image aligncenter size-full is-resized\"><a href=\"https:\/\/www.kamerunpartner.com\/home\/schulprojekt\/\"><img loading=\"lazy\" decoding=\"async\" width=\"878\" height=\"494\" src=\"https:\/\/www.kamerunpartner.com\/home\/wp-content\/uploads\/2025\/08\/Bild3.png\" alt=\"\" class=\"wp-image-2604\" style=\"object-fit:cover;width:300px;height:200px\" srcset=\"https:\/\/www.kamerunpartner.com\/home\/wp-content\/uploads\/2025\/08\/Bild3.png 878w, https:\/\/www.kamerunpartner.com\/home\/wp-content\/uploads\/2025\/08\/Bild3-300x169.png 300w, https:\/\/www.kamerunpartner.com\/home\/wp-content\/uploads\/2025\/08\/Bild3-768x432.png 768w\" sizes=\"auto, (max-width: 878px) 100vw, 878px\" \/><\/a><\/figure>\n\n\n\n<div class=\"wp-block-buttons is-content-justification-center is-layout-flex wp-container-core-buttons-is-layout-a89b3969 wp-block-buttons-is-layout-flex\">\n<div class=\"wp-block-button\"><a class=\"wp-block-button__link has-text-align-center wp-element-button\" href=\"https:\/\/www.kamerunpartner.com\/home\/schulprojekt\/\">Schulprojekt<\/a><\/div>\n<\/div>\n<\/div>\n<\/div>\n\n\n\n<p><\/p>\n\n\n\n<p>.<\/p>\n\n\n\n<figure class=\"wp-block-table is-style-regular has-medium-font-size\" style=\"padding-top:0;padding-bottom:0\"><table class=\"has-ast-global-color-7-background-color has-background has-fixed-layout\" style=\"border-style:none;border-width:0px\"><tbody><tr><td class=\"has-text-align-center\" data-align=\"center\"><strong>Entwicklungspartnerschaft f\u00fcr Kamerun<\/strong><br><strong>Spendenkonto: Vorarlberger Hypothekenbank   &#8211;   IBAN: AT33 5800 0123 5853 5117&nbsp; BIC: HYPVAT2B<\/strong><\/td><\/tr><\/tbody><\/table><\/figure>\n","protected":false},"excerpt":{"rendered":"<p>Unsere Projekte im Fokus \u2013 Nachhaltige Impulse f\u00fcr Kamerun Mit unseren Projekten in Kamerun setzen wir gezielte Akzente f\u00fcr eine nachhaltige Entwicklung. Entdecken Sie hier die Berichte zu den einzelnen Initiativen, die gemeinsam mit unseren Partnern wichtige Fortschritte f\u00fcr die Menschen vor Ort erm\u00f6glichen. . Entwicklungspartnerschaft f\u00fcr KamerunSpendenkonto: Vorarlberger Hypothekenbank &#8211; IBAN: AT33 5800 0123 [&hellip;]<\/p>\n","protected":false},"author":1,"featured_media":0,"parent":0,"menu_order":0,"comment_status":"closed","ping_status":"closed","template":"","meta":{"site-sidebar-layout":"left-sidebar","site-content-layout":"","ast-site-content-layout":"","site-content-style":"default","site-sidebar-style":"default","ast-global-header-display":"","ast-banner-title-visibility":"","ast-main-header-display":"","ast-hfb-above-header-display":"","ast-hfb-below-header-display":"","ast-hfb-mobile-header-display":"","site-post-title":"disabled","ast-breadcrumbs-content":"","ast-featured-img":"disabled","footer-sml-layout":"","ast-disable-related-posts":"","theme-transparent-header-meta":"","adv-header-id-meta":"","stick-header-meta":"","header-above-stick-meta":"","header-main-stick-meta":"","header-below-stick-meta":"","astra-migrate-meta-layouts":"default","ast-page-background-enabled":"default","ast-page-background-meta":{"desktop":{"background-color":"var(--ast-global-color-5)","background-image":"","background-repeat":"repeat","background-position":"center center","background-size":"auto","background-attachment":"scroll","background-type":"","background-media":"","overlay-type":"","overlay-color":"","overlay-opacity":"","overlay-gradient":""},"tablet":{"background-color":"","background-image":"","background-repeat":"repeat","background-position":"center center","background-size":"auto","background-attachment":"scroll","background-type":"","background-media":"","overlay-type":"","overlay-color":"","overlay-opacity":"","overlay-gradient":""},"mobile":{"background-color":"","background-image":"","background-repeat":"repeat","background-position":"center center","background-size":"auto","background-attachment":"scroll","background-type":"","background-media":"","overlay-type":"","overlay-color":"","overlay-opacity":"","overlay-gradient":""}},"ast-content-background-meta":{"desktop":{"background-color":"var(--ast-global-color-4)","background-image":"","background-repeat":"repeat","background-position":"center center","background-size":"auto","background-attachment":"scroll","background-type":"","background-media":"","overlay-type":"","overlay-color":"","overlay-opacity":"","overlay-gradient":""},"tablet":{"background-color":"var(--ast-global-color-4)","background-image":"","background-repeat":"repeat","background-position":"center center","background-size":"auto","background-attachment":"scroll","background-type":"","background-media":"","overlay-type":"","overlay-color":"","overlay-opacity":"","overlay-gradient":""},"mobile":{"background-color":"var(--ast-global-color-4)","background-image":"","background-repeat":"repeat","background-position":"center center","background-size":"auto","background-attachment":"scroll","background-type":"","background-media":"","overlay-type":"","overlay-color":"","overlay-opacity":"","overlay-gradient":""}},"footnotes":""},"class_list":["post-1750","page","type-page","status-publish","hentry"],"_links":{"self":[{"href":"https:\/\/www.kamerunpartner.com\/home\/wp-json\/wp\/v2\/pages\/1750","targetHints":{"allow":["GET"]}}],"collection":[{"href":"https:\/\/www.kamerunpartner.com\/home\/wp-json\/wp\/v2\/pages"}],"about":[{"href":"https:\/\/www.kamerunpartner.com\/home\/wp-json\/wp\/v2\/types\/page"}],"author":[{"embeddable":true,"href":"https:\/\/www.kamerunpartner.com\/home\/wp-json\/wp\/v2\/users\/1"}],"replies":[{"embeddable":true,"href":"https:\/\/www.kamerunpartner.com\/home\/wp-json\/wp\/v2\/comments?post=1750"}],"version-history":[{"count":13,"href":"https:\/\/www.kamerunpartner.com\/home\/wp-json\/wp\/v2\/pages\/1750\/revisions"}],"predecessor-version":[{"id":3024,"href":"https:\/\/www.kamerunpartner.com\/home\/wp-json\/wp\/v2\/pages\/1750\/revisions\/3024"}],"wp:attachment":[{"href":"https:\/\/www.kamerunpartner.com\/home\/wp-json\/wp\/v2\/media?parent=1750"}],"curies":[{"name":"wp","href":"https:\/\/api.w.org\/{rel}","templated":true}]}}