{"id":1663,"date":"2025-03-20T09:14:21","date_gmt":"2025-03-20T08:14:21","guid":{"rendered":"http:\/\/localhost\/wordpress\/?page_id=1663"},"modified":"2025-07-25T23:36:06","modified_gmt":"2025-07-25T21:36:06","slug":"freiwilligenhaus-fotogalerie","status":"publish","type":"page","link":"https:\/\/www.kamerunpartner.com\/home\/freiwilligenhaus-fotogalerie\/","title":{"rendered":"Freiwilligen-Haus"},"content":{"rendered":"\n<p class=\"has-text-align-center has-medium-font-size\"><strong>Haus f\u00fcr Freiwilligeneins\u00e4tze \u2013 Begegnung, Engagement und Gemeinschaft<\/strong><\/p>\n\n\n\n<h2 class=\"wp-block-heading has-text-align-center has-small-font-size\">2008 &#8211; 2009<\/h2>\n\n\n\n<p>Dieses Haus wurde als Unterkunft f\u00fcr Freiwillige errichtet, die sich in Kamerun engagieren. Es ist ein Ort des Austauschs, des Lernens und der Zusammenarbeit. Die Bilder erz\u00e4hlen die Geschichte seines Baus und zeigen, wie es heute als Zuhause f\u00fcr Menschen dient, die Wissen teilen, Hilfe leisten und Br\u00fccken zwischen Kulturen bauen.<br><\/p>\n\n\n\n<br>\n\n\n\n<figure class=\"wp-block-gallery has-nested-images columns-default is-cropped wp-block-gallery-1 is-layout-flex wp-block-gallery-is-layout-flex\">\n<figure class=\"wp-block-image size-full\"><img loading=\"lazy\" decoding=\"async\" width=\"1240\" height=\"710\" data-id=\"1790\" src=\"https:\/\/www.kamerunpartner.com\/home\/wp-content\/uploads\/2025\/03\/Vorarlberghaus.jpg\" alt=\"\" class=\"wp-image-1790\"\/><\/figure>\n\n\n\n<figure class=\"wp-block-image size-large\"><img loading=\"lazy\" decoding=\"async\" width=\"720\" height=\"405\" data-id=\"1769\" src=\"https:\/\/www.kamerunpartner.com\/home\/wp-content\/uploads\/2025\/03\/20081225-110902.jpg\" alt=\"\" class=\"wp-image-1769\"\/><\/figure>\n\n\n\n<figure class=\"wp-block-image size-large\"><img loading=\"lazy\" decoding=\"async\" width=\"720\" height=\"405\" data-id=\"1768\" src=\"https:\/\/www.kamerunpartner.com\/home\/wp-content\/uploads\/2025\/03\/20081225-110852.jpg\" alt=\"\" class=\"wp-image-1768\"\/><\/figure>\n\n\n\n<figure class=\"wp-block-image size-large\"><img loading=\"lazy\" decoding=\"async\" width=\"720\" height=\"405\" data-id=\"1767\" src=\"https:\/\/www.kamerunpartner.com\/home\/wp-content\/uploads\/2025\/03\/20081225-110755.jpg\" alt=\"\" class=\"wp-image-1767\"\/><\/figure>\n\n\n\n<figure class=\"wp-block-image size-large\"><img loading=\"lazy\" decoding=\"async\" width=\"720\" height=\"405\" data-id=\"1789\" src=\"https:\/\/www.kamerunpartner.com\/home\/wp-content\/uploads\/2025\/03\/20081225-112048.jpg\" alt=\"\" class=\"wp-image-1789\"\/><\/figure>\n\n\n\n<figure class=\"wp-block-image size-large\"><img loading=\"lazy\" decoding=\"async\" width=\"720\" height=\"405\" data-id=\"1788\" src=\"https:\/\/www.kamerunpartner.com\/home\/wp-content\/uploads\/2025\/03\/20081225-111842.jpg\" alt=\"\" class=\"wp-image-1788\"\/><\/figure>\n\n\n\n<figure class=\"wp-block-image size-large\"><img loading=\"lazy\" decoding=\"async\" width=\"720\" height=\"405\" data-id=\"1781\" src=\"https:\/\/www.kamerunpartner.com\/home\/wp-content\/uploads\/2025\/03\/20081225-111554.jpg\" alt=\"\" class=\"wp-image-1781\"\/><\/figure>\n\n\n\n<figure class=\"wp-block-image size-large\"><img loading=\"lazy\" decoding=\"async\" width=\"720\" height=\"405\" data-id=\"1774\" src=\"https:\/\/www.kamerunpartner.com\/home\/wp-content\/uploads\/2025\/03\/20081225-111305.jpg\" alt=\"\" class=\"wp-image-1774\"\/><\/figure>\n\n\n\n<figure class=\"wp-block-image size-large\"><img loading=\"lazy\" decoding=\"async\" width=\"720\" height=\"405\" data-id=\"1773\" src=\"https:\/\/www.kamerunpartner.com\/home\/wp-content\/uploads\/2025\/03\/20081225-111252.jpg\" alt=\"\" class=\"wp-image-1773\"\/><\/figure>\n\n\n\n<figure class=\"wp-block-image size-large\"><img loading=\"lazy\" decoding=\"async\" width=\"720\" height=\"405\" data-id=\"1772\" src=\"https:\/\/www.kamerunpartner.com\/home\/wp-content\/uploads\/2025\/03\/20081225-111240.jpg\" alt=\"\" class=\"wp-image-1772\"\/><\/figure>\n\n\n\n<figure class=\"wp-block-image size-large\"><img loading=\"lazy\" decoding=\"async\" width=\"720\" height=\"405\" data-id=\"1771\" src=\"https:\/\/www.kamerunpartner.com\/home\/wp-content\/uploads\/2025\/03\/20081225-111221.jpg\" alt=\"\" class=\"wp-image-1771\"\/><\/figure>\n\n\n\n<figure class=\"wp-block-image size-large\"><img loading=\"lazy\" decoding=\"async\" width=\"720\" height=\"405\" data-id=\"1770\" src=\"https:\/\/www.kamerunpartner.com\/home\/wp-content\/uploads\/2025\/03\/20081225-111212.jpg\" alt=\"\" class=\"wp-image-1770\"\/><\/figure>\n\n\n\n<figure class=\"wp-block-image size-large\"><img loading=\"lazy\" decoding=\"async\" width=\"720\" height=\"405\" data-id=\"1787\" src=\"https:\/\/www.kamerunpartner.com\/home\/wp-content\/uploads\/2025\/03\/20081225-111748.jpg\" alt=\"\" class=\"wp-image-1787\"\/><\/figure>\n\n\n\n<figure class=\"wp-block-image size-large\"><img loading=\"lazy\" decoding=\"async\" width=\"720\" height=\"405\" data-id=\"1786\" src=\"https:\/\/www.kamerunpartner.com\/home\/wp-content\/uploads\/2025\/03\/20081225-111741.jpg\" alt=\"\" class=\"wp-image-1786\"\/><\/figure>\n\n\n\n<figure class=\"wp-block-image size-large\"><img loading=\"lazy\" decoding=\"async\" width=\"720\" height=\"405\" data-id=\"1785\" src=\"https:\/\/www.kamerunpartner.com\/home\/wp-content\/uploads\/2025\/03\/20081225-111732.jpg\" alt=\"\" class=\"wp-image-1785\"\/><\/figure>\n\n\n\n<figure class=\"wp-block-image size-large\"><img loading=\"lazy\" decoding=\"async\" width=\"720\" height=\"405\" data-id=\"1784\" src=\"https:\/\/www.kamerunpartner.com\/home\/wp-content\/uploads\/2025\/03\/20081225-111704.jpg\" alt=\"\" class=\"wp-image-1784\"\/><\/figure>\n\n\n\n<figure class=\"wp-block-image size-large\"><img loading=\"lazy\" decoding=\"async\" width=\"720\" height=\"405\" data-id=\"1783\" src=\"https:\/\/www.kamerunpartner.com\/home\/wp-content\/uploads\/2025\/03\/20081225-111657.jpg\" alt=\"\" class=\"wp-image-1783\"\/><\/figure>\n\n\n\n<figure class=\"wp-block-image size-large\"><img loading=\"lazy\" decoding=\"async\" width=\"720\" height=\"405\" data-id=\"1780\" src=\"https:\/\/www.kamerunpartner.com\/home\/wp-content\/uploads\/2025\/03\/20081225-111541.jpg\" alt=\"\" class=\"wp-image-1780\"\/><\/figure>\n\n\n\n<figure class=\"wp-block-image size-large\"><img loading=\"lazy\" decoding=\"async\" width=\"720\" height=\"405\" data-id=\"1779\" src=\"https:\/\/www.kamerunpartner.com\/home\/wp-content\/uploads\/2025\/03\/20081225-111455.jpg\" alt=\"\" class=\"wp-image-1779\"\/><\/figure>\n\n\n\n<figure class=\"wp-block-image size-large\"><img loading=\"lazy\" decoding=\"async\" width=\"720\" height=\"405\" data-id=\"1778\" src=\"https:\/\/www.kamerunpartner.com\/home\/wp-content\/uploads\/2025\/03\/20081225-111435.jpg\" alt=\"\" class=\"wp-image-1778\"\/><\/figure>\n\n\n\n<figure class=\"wp-block-image size-large\"><img loading=\"lazy\" decoding=\"async\" width=\"720\" height=\"405\" data-id=\"1777\" src=\"https:\/\/www.kamerunpartner.com\/home\/wp-content\/uploads\/2025\/03\/20081225-111425.jpg\" alt=\"\" class=\"wp-image-1777\"\/><\/figure>\n\n\n\n<figure class=\"wp-block-image size-large\"><img loading=\"lazy\" decoding=\"async\" width=\"720\" height=\"405\" data-id=\"1776\" src=\"https:\/\/www.kamerunpartner.com\/home\/wp-content\/uploads\/2025\/03\/20081225-111346.jpg\" alt=\"\" class=\"wp-image-1776\"\/><\/figure>\n\n\n\n<figure class=\"wp-block-image size-large\"><img loading=\"lazy\" decoding=\"async\" width=\"720\" height=\"405\" data-id=\"1766\" src=\"https:\/\/www.kamerunpartner.com\/home\/wp-content\/uploads\/2025\/03\/20081225-110749.jpg\" alt=\"\" class=\"wp-image-1766\"\/><\/figure>\n\n\n\n<figure class=\"wp-block-image size-large\"><img loading=\"lazy\" decoding=\"async\" width=\"720\" height=\"405\" data-id=\"1765\" src=\"https:\/\/www.kamerunpartner.com\/home\/wp-content\/uploads\/2025\/03\/20081225-110738.jpg\" alt=\"\" class=\"wp-image-1765\"\/><\/figure>\n\n\n\n<figure class=\"wp-block-image size-large\"><img loading=\"lazy\" decoding=\"async\" width=\"720\" height=\"405\" data-id=\"1763\" src=\"https:\/\/www.kamerunpartner.com\/home\/wp-content\/uploads\/2025\/03\/20081225-110650.jpg\" alt=\"\" class=\"wp-image-1763\"\/><\/figure>\n\n\n\n<figure class=\"wp-block-image size-large\"><img loading=\"lazy\" decoding=\"async\" width=\"720\" height=\"405\" data-id=\"1764\" src=\"https:\/\/www.kamerunpartner.com\/home\/wp-content\/uploads\/2025\/03\/20081225-110711.jpg\" alt=\"\" class=\"wp-image-1764\"\/><\/figure>\n\n\n\n<figure class=\"wp-block-image size-large\"><img loading=\"lazy\" decoding=\"async\" width=\"720\" height=\"405\" data-id=\"1762\" src=\"https:\/\/www.kamerunpartner.com\/home\/wp-content\/uploads\/2025\/03\/20081225-110603.jpg\" alt=\"\" class=\"wp-image-1762\"\/><\/figure>\n<\/figure>\n\n\n\n<br>\n\n\n\n<div class=\"wp-block-buttons is-content-justification-center is-layout-flex wp-container-core-buttons-is-layout-a89b3969 wp-block-buttons-is-layout-flex\">\n<div class=\"wp-block-button\"><a class=\"wp-block-button__link wp-element-button\" href=\"https:\/\/www.kamerunpartner.com\/home\/freiwilligenhaus\/\">Bericht<\/a><\/div>\n<\/div>\n\n\n\n<br>\n\n\n\n<figure class=\"wp-block-table is-style-regular has-medium-font-size\" style=\"padding-top:0;padding-bottom:0\"><table class=\"has-ast-global-color-7-background-color has-background has-fixed-layout\" style=\"border-style:none;border-width:0px\"><tbody><tr><td class=\"has-text-align-center\" data-align=\"center\"><strong>Entwicklungspartnerschaft f\u00fcr Kamerun<\/strong><br><strong>Spendenkonto: Vorarlberger Hypothekenbank   &#8211;   IBAN: AT33 5800 0123 5853 5117&nbsp; BIC: HYPVAT2B<\/strong><\/td><\/tr><\/tbody><\/table><\/figure>\n\n\n\n<p><\/p>\n","protected":false},"excerpt":{"rendered":"<p>Haus f\u00fcr Freiwilligeneins\u00e4tze \u2013 Begegnung, Engagement und Gemeinschaft 2008 &#8211; 2009 Dieses Haus wurde als Unterkunft f\u00fcr Freiwillige errichtet, die sich in Kamerun engagieren. Es ist ein Ort des Austauschs, des Lernens und der Zusammenarbeit. Die Bilder erz\u00e4hlen die Geschichte seines Baus und zeigen, wie es heute als Zuhause f\u00fcr Menschen dient, die Wissen teilen, [&hellip;]<\/p>\n","protected":false},"author":1,"featured_media":0,"parent":0,"menu_order":0,"comment_status":"closed","ping_status":"closed","template":"","meta":{"site-sidebar-layout":"left-sidebar","site-content-layout":"","ast-site-content-layout":"","site-content-style":"default","site-sidebar-style":"default","ast-global-header-display":"","ast-banner-title-visibility":"","ast-main-header-display":"","ast-hfb-above-header-display":"","ast-hfb-below-header-display":"","ast-hfb-mobile-header-display":"","site-post-title":"disabled","ast-breadcrumbs-content":"","ast-featured-img":"disabled","footer-sml-layout":"","ast-disable-related-posts":"","theme-transparent-header-meta":"","adv-header-id-meta":"","stick-header-meta":"","header-above-stick-meta":"","header-main-stick-meta":"","header-below-stick-meta":"","astra-migrate-meta-layouts":"default","ast-page-background-enabled":"default","ast-page-background-meta":{"desktop":{"background-color":"var(--ast-global-color-5)","background-image":"","background-repeat":"repeat","background-position":"center center","background-size":"auto","background-attachment":"scroll","background-type":"","background-media":"","overlay-type":"","overlay-color":"","overlay-opacity":"","overlay-gradient":""},"tablet":{"background-color":"","background-image":"","background-repeat":"repeat","background-position":"center center","background-size":"auto","background-attachment":"scroll","background-type":"","background-media":"","overlay-type":"","overlay-color":"","overlay-opacity":"","overlay-gradient":""},"mobile":{"background-color":"","background-image":"","background-repeat":"repeat","background-position":"center center","background-size":"auto","background-attachment":"scroll","background-type":"","background-media":"","overlay-type":"","overlay-color":"","overlay-opacity":"","overlay-gradient":""}},"ast-content-background-meta":{"desktop":{"background-color":"var(--ast-global-color-4)","background-image":"","background-repeat":"repeat","background-position":"center center","background-size":"auto","background-attachment":"scroll","background-type":"","background-media":"","overlay-type":"","overlay-color":"","overlay-opacity":"","overlay-gradient":""},"tablet":{"background-color":"var(--ast-global-color-4)","background-image":"","background-repeat":"repeat","background-position":"center center","background-size":"auto","background-attachment":"scroll","background-type":"","background-media":"","overlay-type":"","overlay-color":"","overlay-opacity":"","overlay-gradient":""},"mobile":{"background-color":"var(--ast-global-color-4)","background-image":"","background-repeat":"repeat","background-position":"center center","background-size":"auto","background-attachment":"scroll","background-type":"","background-media":"","overlay-type":"","overlay-color":"","overlay-opacity":"","overlay-gradient":""}},"footnotes":""},"class_list":["post-1663","page","type-page","status-publish","hentry"],"_links":{"self":[{"href":"https:\/\/www.kamerunpartner.com\/home\/wp-json\/wp\/v2\/pages\/1663","targetHints":{"allow":["GET"]}}],"collection":[{"href":"https:\/\/www.kamerunpartner.com\/home\/wp-json\/wp\/v2\/pages"}],"about":[{"href":"https:\/\/www.kamerunpartner.com\/home\/wp-json\/wp\/v2\/types\/page"}],"author":[{"embeddable":true,"href":"https:\/\/www.kamerunpartner.com\/home\/wp-json\/wp\/v2\/users\/1"}],"replies":[{"embeddable":true,"href":"https:\/\/www.kamerunpartner.com\/home\/wp-json\/wp\/v2\/comments?post=1663"}],"version-history":[{"count":19,"href":"https:\/\/www.kamerunpartner.com\/home\/wp-json\/wp\/v2\/pages\/1663\/revisions"}],"predecessor-version":[{"id":2581,"href":"https:\/\/www.kamerunpartner.com\/home\/wp-json\/wp\/v2\/pages\/1663\/revisions\/2581"}],"wp:attachment":[{"href":"https:\/\/www.kamerunpartner.com\/home\/wp-json\/wp\/v2\/media?parent=1663"}],"curies":[{"name":"wp","href":"https:\/\/api.w.org\/{rel}","templated":true}]}}