{"id":14,"date":"2025-02-08T17:10:12","date_gmt":"2025-02-08T16:10:12","guid":{"rendered":"http:\/\/localhost\/wordpress\/?page_id=14"},"modified":"2026-01-23T18:19:29","modified_gmt":"2026-01-23T17:19:29","slug":"home","status":"publish","type":"page","link":"https:\/\/www.kamerunpartner.com\/home\/","title":{"rendered":"Startseite"},"content":{"rendered":"<p><\/p>\n\n\n<!--\n<marquee style=\"font-family: Arial, sans-serif; color: red; font-size: 1.2em; scrollamount=\"3\"\">\n   \u2605 Unsere diesj\u00e4hrige Generalversammlung findet am Donnerstag, 7. August 2025, 18:00 Uhr, in der \u00c4rztekammer in Dornbirn (Schulgasse 17) statt. Wir laden herzlich ein. \u2605 \n<\/marquee>\n<br>\n<br>\n-->\n\n\n\n\t<div class=\"slideshow_container slideshow_container_style-light\" data-slideshow-id=\"1979\" data-style-name=\"style-light\" data-style-version=\"2.5.20\">\n\t\t<div class=\"slideshow_loading_icon\"><\/div>\n\t\t<div class=\"slideshow_content\">\n\t\t\t<div class=\"slideshow_view\">\n\t\t\t\t<div class=\"slideshow_slide slideshow_slide_image\">\n\t\t\t\t\t\t\t\t\t\t\t<img loading=\"lazy\" decoding=\"async\" src=\"https:\/\/www.kamerunpartner.com\/home\/wp-content\/uploads\/2025\/04\/Bild-0018.jpg\" alt=\"Bild 0018\" width=\"1600\" height=\"800\" \/>\n\t\t\t\t\t\t\t\t\t\t<div class=\"slideshow_description_box slideshow_transparent\">\n\t\t\t\t\t\t<div class=\"slideshow_title\">Bild 0018<\/div>\t\t\t\t\t\t\t\t\t\t\t<\/div>\n\t\t\t\t<\/div>\n\n\t\t\t\t\t\t\t\t\t<\/div>\n\t\t\t<div class=\"slideshow_view\">\n\t\t\t\t<div class=\"slideshow_slide slideshow_slide_image\">\n\t\t\t\t\t\t\t\t\t\t\t<img loading=\"lazy\" decoding=\"async\" src=\"https:\/\/www.kamerunpartner.com\/home\/wp-content\/uploads\/2025\/04\/Bild_010.jpg\" alt=\"Bild_010\" width=\"1600\" height=\"800\" \/>\n\t\t\t\t\t\t\t\t\t\t<div class=\"slideshow_description_box slideshow_transparent\">\n\t\t\t\t\t\t<div class=\"slideshow_title\">Bild_010<\/div>\t\t\t\t\t\t\t\t\t\t\t<\/div>\n\t\t\t\t<\/div>\n\n\t\t\t\t\t\t\t\t\t<\/div>\n\t\t\t<div class=\"slideshow_view\">\n\t\t\t\t<div class=\"slideshow_slide slideshow_slide_image\">\n\t\t\t\t\t\t\t\t\t\t\t<img loading=\"lazy\" decoding=\"async\" src=\"https:\/\/www.kamerunpartner.com\/home\/wp-content\/uploads\/2025\/04\/Bild-0031.jpg\" alt=\"Bild 0031\" width=\"1600\" height=\"800\" \/>\n\t\t\t\t\t\t\t\t\t\t<div class=\"slideshow_description_box slideshow_transparent\">\n\t\t\t\t\t\t<div class=\"slideshow_title\">Bild 0031<\/div>\t\t\t\t\t\t\t\t\t\t\t<\/div>\n\t\t\t\t<\/div>\n\n\t\t\t\t\t\t\t\t\t<\/div>\n\t\t\t<div class=\"slideshow_view\">\n\t\t\t\t<div class=\"slideshow_slide slideshow_slide_image\">\n\t\t\t\t\t\t\t\t\t\t\t<img loading=\"lazy\" decoding=\"async\" src=\"https:\/\/www.kamerunpartner.com\/home\/wp-content\/uploads\/2025\/04\/Bild-0033.jpg\" alt=\"Bild 0033\" width=\"1600\" height=\"800\" \/>\n\t\t\t\t\t\t\t\t\t\t<div class=\"slideshow_description_box slideshow_transparent\">\n\t\t\t\t\t\t<div class=\"slideshow_title\">Bild 0033<\/div>\t\t\t\t\t\t\t\t\t\t\t<\/div>\n\t\t\t\t<\/div>\n\n\t\t\t\t\t\t\t\t\t<\/div>\n\t\t<\/div>\n\t\t<div class=\"slideshow_controlPanel slideshow_transparent\"><ul><li class=\"slideshow_togglePlay\" data-play-text=\"Play\" data-pause-text=\"Pause\"><\/li><\/ul><\/div>\n\t\t<div class=\"slideshow_button slideshow_previous slideshow_transparent\" role=\"button\" data-previous-text=\"Previous\"><\/div>\n\t\t<div class=\"slideshow_button slideshow_next slideshow_transparent\" role=\"button\" data-next-text=\"Next\"><\/div>\n\t\t<div class=\"slideshow_pagination\" data-go-to-text=\"Go to slide\"><div class=\"slideshow_pagination_center\"><\/div><\/div>\n\t<\/div>\n\n\n\n\n<br>\n\n\n\n<div class=\"wp-block-media-text is-stacked-on-mobile\" style=\"grid-template-columns:15% auto\"><figure class=\"wp-block-media-text__media\"><img loading=\"lazy\" decoding=\"async\" width=\"1200\" height=\"1600\" src=\"https:\/\/www.kamerunpartner.com\/home\/wp-content\/uploads\/2025\/03\/Bild_002.jpg\" alt=\"\" class=\"wp-image-1579 size-full\"\/><\/figure><div class=\"wp-block-media-text__content\">\n<p><strong>&#8230; wir bedanken uns &#8230;<\/strong><\/p>\n\n\n\n<p style=\"font-size:0px\">Jahr f\u00fcr Jahr erhalten wir von zahlreichen Mitgliedern, Freunden und G\u00f6nnern unseres Vereines gro\u00dfe Zuwendungen&nbsp;&#8230; sei dies in Form des Mitgliedsbeitrages, einer freiwilligen Spende, aktiver Mitarbeit oder ganz einfach durch die Verbundenheit zu unserem Verein \u2026&nbsp; ihnen allen geb\u00fchrt ein&nbsp;<strong><em>\u201e Herzliches Dankesch\u00f6n\u201c.<br><\/em><\/strong>Unsererseits ist es&nbsp;oberstes Gebot,&nbsp;die&nbsp;uns anvertrauten Gelder umsichtig und gewissenhaft zum Einsatz zu bringen, wobei wir Projekten mit nachhaltiger Wirkung&nbsp;unseren Vorzug geben.<br>Die Mitarbeiter unseres Teams verrichten ihre Aufgaben&nbsp;ehrenamtlich und somit&nbsp;unentgeltlich.&nbsp;<\/p>\n\n\n\n<p style=\"font-size:17px\">Jahr f\u00fcr Jahr erhalten wir von zahlreichen Mitgliedern, Freunden und G\u00f6nnern unseres Vereines gro\u00dfe Zuwendungen&nbsp;&#8230; sei dies in Form des Mitgliedsbeitrages, einer freiwilligen Spende, aktiver Mitarbeit oder ganz einfach durch die Verbundenheit zu unserem Verein \u2026&nbsp; ihnen allen geb\u00fchrt ein <br><strong><em>\u201eHerzliches Dankesch\u00f6n\u201c.<br><\/em><\/strong>Unsererseits ist es&nbsp;oberstes Gebot,&nbsp;die&nbsp;uns anvertrauten Gelder umsichtig und gewissenhaft zum Einsatz zu bringen, wobei wir Projekten mit nachhaltiger Wirkung&nbsp;unseren Vorzug geben.<br>Die Mitarbeiter unseres Teams verrichten ihre Aufgaben&nbsp;ehrenamtlich und somit&nbsp;unentgeltlich.&nbsp;<\/p>\n\n\n\n<p style=\"font-size:16px\"><br><\/p>\n\n\n\n<p style=\"font-size:17px\"><\/p>\n\n\n\n<p>Unser Spendenkonto:                Entwicklungspartnerschaft f\u00fcr Kamerun<br>Vorarlberger Hypothekenbank &#8211; IBAN: AT33 5800 0123 5853 5117&nbsp; BIC: HYPVAT2B<\/p>\n<\/div><\/div>\n\n\n\n<p><\/p>\n\n\n\n<p class=\"has-text-align-center has-ast-global-color-6-background-color has-background\" style=\"border-width:1px;margin-top:var(--wp--preset--spacing--50);margin-bottom:var(--wp--preset--spacing--30)\"><strong>Spendenbeg\u00fcnstigung<\/strong>  <br>Unser Verein scheint in der vom Finanzamt &nbsp;ver\u00f6ffentlichten <strong>&nbsp;\u201eListe der beg\u00fcnstigten Spendenempf\u00e4nger\u201c<\/strong> (Reg.-Nr. SO 1509) auf.<br>Das bedeutet, dass Spenden an unsere Organisation steuerlich absetzbar sind, sofern die Voraussetzungen dazu grunds\u00e4tzlich gegeben sind.<\/p>\n\n\n\n<div class=\"wp-block-media-text is-stacked-on-mobile is-vertically-aligned-top\" style=\"border-style:none;border-width:0px;margin-top:var(--wp--preset--spacing--50);margin-right:0;margin-bottom:var(--wp--preset--spacing--50);margin-left:0;padding-top:0;padding-right:0;padding-bottom:0;padding-left:0;grid-template-columns:17% auto\"><figure class=\"wp-block-media-text__media\"><img loading=\"lazy\" decoding=\"async\" width=\"300\" height=\"168\" src=\"https:\/\/www.kamerunpartner.com\/home\/wp-content\/uploads\/2025\/03\/Bild_003.png\" alt=\"\" class=\"wp-image-1582 size-full\"\/><\/figure><div class=\"wp-block-media-text__content\">\n<div class=\"wp-block-columns is-layout-flex wp-container-core-columns-is-layout-28f84493 wp-block-columns-is-layout-flex\">\n<div class=\"wp-block-column is-layout-flow wp-block-column-is-layout-flow\">\n<p><\/p>\n\n\n\n<h2 class=\"wp-block-heading has-text-align-center has-medium-font-size\"><strong>\ud83d\udcac \u201eDie wahre Gr\u00f6\u00dfe einer Gesellschaft  zeigt sich daran, wie sie mit den Schw\u00e4chsten umgeht.\u201c<br><\/strong>Mahatma Gandhi<\/h2>\n<\/div>\n\n\n\n<div class=\"wp-block-column is-layout-flow wp-block-column-is-layout-flow\">\n<p><\/p>\n\n\n\n<h2 class=\"wp-block-heading has-text-align-center has-medium-font-size\">\ud83d\udd39 <strong>Wir bauen Hoffnung \u2013<\/strong><br><strong>mit jedem Bett, jeder Behandlung,<\/strong><br><strong>jedem geretteten Leben.<\/strong><\/h2>\n<\/div>\n<\/div>\n\n\n\n<p><\/p>\n<\/div><\/div>\n\n\n\n<figure class=\"wp-block-table aligncenter is-style-regular has-medium-font-size\" style=\"margin-top:0;margin-right:0;margin-bottom:0;margin-left:0;padding-top:0;padding-right:0;padding-bottom:0;padding-left:0\"><table class=\"has-ast-global-color-7-background-color has-background has-fixed-layout\" style=\"border-style:none;border-width:0px\"><tbody><tr><td class=\"has-text-align-center\" data-align=\"center\"><strong>Entwicklungspartnerschaft f\u00fcr Kamerun<\/strong><br><strong>Spendenkonto: Vorarlberger Hypothekenbank   &#8211;   IBAN: AT33 5800 0123 5853 5117&nbsp; BIC: HYPVAT2B<\/strong><\/td><\/tr><\/tbody><\/table><\/figure>\n\n\n\n<div style=\"height:20px;\"><\/div>\n","protected":false},"excerpt":{"rendered":"<p>&#8230; wir bedanken uns &#8230; Jahr f\u00fcr Jahr erhalten wir von zahlreichen Mitgliedern, Freunden und G\u00f6nnern unseres Vereines gro\u00dfe Zuwendungen&nbsp;&#8230; sei dies in Form des Mitgliedsbeitrages, einer freiwilligen Spende, aktiver Mitarbeit oder ganz einfach durch die Verbundenheit zu unserem Verein \u2026&nbsp; ihnen allen geb\u00fchrt ein&nbsp;\u201e Herzliches Dankesch\u00f6n\u201c.Unsererseits ist es&nbsp;oberstes Gebot,&nbsp;die&nbsp;uns anvertrauten Gelder umsichtig und gewissenhaft [&hellip;]<\/p>\n","protected":false},"author":1,"featured_media":0,"parent":0,"menu_order":0,"comment_status":"closed","ping_status":"closed","template":"","meta":{"site-sidebar-layout":"no-sidebar","site-content-layout":"plain-container","ast-site-content-layout":"normal-width-container","site-content-style":"default","site-sidebar-style":"default","ast-global-header-display":"","ast-banner-title-visibility":"","ast-main-header-display":"","ast-hfb-above-header-display":"","ast-hfb-below-header-display":"","ast-hfb-mobile-header-display":"","site-post-title":"disabled","ast-breadcrumbs-content":"","ast-featured-img":"disabled","footer-sml-layout":"","ast-disable-related-posts":"","theme-transparent-header-meta":"disabled","adv-header-id-meta":"","stick-header-meta":"","header-above-stick-meta":"","header-main-stick-meta":"","header-below-stick-meta":"","astra-migrate-meta-layouts":"default","ast-page-background-enabled":"default","ast-page-background-meta":{"desktop":{"background-color":"var(--ast-global-color-5)","background-image":"","background-repeat":"repeat","background-position":"center center","background-size":"auto","background-attachment":"scroll","background-type":"","background-media":"","overlay-type":"","overlay-color":"","overlay-opacity":"","overlay-gradient":""},"tablet":{"background-color":"","background-image":"","background-repeat":"repeat","background-position":"center center","background-size":"auto","background-attachment":"scroll","background-type":"","background-media":"","overlay-type":"","overlay-color":"","overlay-opacity":"","overlay-gradient":""},"mobile":{"background-color":"","background-image":"","background-repeat":"repeat","background-position":"center center","background-size":"auto","background-attachment":"scroll","background-type":"","background-media":"","overlay-type":"","overlay-color":"","overlay-opacity":"","overlay-gradient":""}},"ast-content-background-meta":{"desktop":{"background-color":"var(--ast-global-color-4)","background-image":"","background-repeat":"repeat","background-position":"center center","background-size":"auto","background-attachment":"scroll","background-type":"","background-media":"","overlay-type":"","overlay-color":"","overlay-opacity":"","overlay-gradient":""},"tablet":{"background-color":"var(--ast-global-color-4)","background-image":"","background-repeat":"repeat","background-position":"center center","background-size":"auto","background-attachment":"scroll","background-type":"","background-media":"","overlay-type":"","overlay-color":"","overlay-opacity":"","overlay-gradient":""},"mobile":{"background-color":"var(--ast-global-color-4)","background-image":"","background-repeat":"repeat","background-position":"center center","background-size":"auto","background-attachment":"scroll","background-type":"","background-media":"","overlay-type":"","overlay-color":"","overlay-opacity":"","overlay-gradient":""}},"footnotes":""},"class_list":["post-14","page","type-page","status-publish","hentry"],"_links":{"self":[{"href":"https:\/\/www.kamerunpartner.com\/home\/wp-json\/wp\/v2\/pages\/14","targetHints":{"allow":["GET"]}}],"collection":[{"href":"https:\/\/www.kamerunpartner.com\/home\/wp-json\/wp\/v2\/pages"}],"about":[{"href":"https:\/\/www.kamerunpartner.com\/home\/wp-json\/wp\/v2\/types\/page"}],"author":[{"embeddable":true,"href":"https:\/\/www.kamerunpartner.com\/home\/wp-json\/wp\/v2\/users\/1"}],"replies":[{"embeddable":true,"href":"https:\/\/www.kamerunpartner.com\/home\/wp-json\/wp\/v2\/comments?post=14"}],"version-history":[{"count":278,"href":"https:\/\/www.kamerunpartner.com\/home\/wp-json\/wp\/v2\/pages\/14\/revisions"}],"predecessor-version":[{"id":3064,"href":"https:\/\/www.kamerunpartner.com\/home\/wp-json\/wp\/v2\/pages\/14\/revisions\/3064"}],"wp:attachment":[{"href":"https:\/\/www.kamerunpartner.com\/home\/wp-json\/wp\/v2\/media?parent=14"}],"curies":[{"name":"wp","href":"https:\/\/api.w.org\/{rel}","templated":true}]}}