{"id":1383,"date":"2025-03-09T22:45:14","date_gmt":"2025-03-09T21:45:14","guid":{"rendered":"http:\/\/localhost\/wordpress\/?page_id=1383"},"modified":"2025-07-25T23:30:33","modified_gmt":"2025-07-25T21:30:33","slug":"op_trakt_fotogalerie","status":"publish","type":"page","link":"https:\/\/www.kamerunpartner.com\/home\/op_trakt_fotogalerie\/","title":{"rendered":"Bau des OP-Traktes"},"content":{"rendered":"\n<p class=\"has-text-align-center has-medium-font-size\"><strong>Der neue Operationstrakt ist er\u00f6ffnet und in Betrieb genommen<\/strong><\/p>\n\n\n\n<h2 class=\"wp-block-heading has-text-align-center has-small-font-size\">2011 &#8211; 2014<\/h2>\n\n\n\n<p>Am 19. M\u00e4rz 2014 wurde der neue Operationstrakt des Krankenhauses Ngaoubela feierlich er\u00f6ffnet. Dank des engagierten Einsatzes vieler Menschen verbessert dieser Neubau die medizinische Versorgung der gesamten Region und steht als Symbol f\u00fcr erfolgreiche Zusammenarbeit und gemeinsames Engagement.<\/p>\n\n\n\n<p>.<\/p>\n\n\n\n<figure class=\"wp-block-gallery has-nested-images columns-default is-cropped wp-block-gallery-1 is-layout-flex wp-block-gallery-is-layout-flex\">\n<figure class=\"wp-block-image size-large\"><a href=\"https:\/\/www.kamerunpartner.com\/home\/wp-content\/uploads\/2025\/03\/Bild01.jpg\"><img loading=\"lazy\" decoding=\"async\" width=\"2048\" height=\"1553\" data-id=\"1523\" src=\"https:\/\/www.kamerunpartner.com\/home\/wp-content\/uploads\/2025\/03\/Bild01.jpg\" alt=\"\" class=\"wp-image-1523\"\/><\/a><\/figure>\n\n\n\n<figure class=\"wp-block-image size-large\"><a href=\"https:\/\/www.kamerunpartner.com\/home\/wp-content\/uploads\/2025\/03\/Kamerun_00Teaser1000x440_IMG_5870.jpg\"><img loading=\"lazy\" decoding=\"async\" width=\"1000\" height=\"440\" data-id=\"1553\" src=\"https:\/\/www.kamerunpartner.com\/home\/wp-content\/uploads\/2025\/03\/Kamerun_00Teaser1000x440_IMG_5870.jpg\" alt=\"\" class=\"wp-image-1553\"\/><\/a><\/figure>\n\n\n\n<figure class=\"wp-block-image size-large\"><a href=\"https:\/\/www.kamerunpartner.com\/home\/wp-content\/uploads\/2025\/03\/csm_ngaoubela-2014-2300-Bearbeitet_2e2a8fd287.jpg\"><img loading=\"lazy\" decoding=\"async\" width=\"1176\" height=\"735\" data-id=\"1552\" src=\"https:\/\/www.kamerunpartner.com\/home\/wp-content\/uploads\/2025\/03\/csm_ngaoubela-2014-2300-Bearbeitet_2e2a8fd287.jpg\" alt=\"\" class=\"wp-image-1552\"\/><\/a><\/figure>\n\n\n\n<figure class=\"wp-block-image size-large\"><a href=\"https:\/\/www.kamerunpartner.com\/home\/wp-content\/uploads\/2025\/03\/csm_ngaoubela-2014-2290_9df1f9c165.jpg\"><img loading=\"lazy\" decoding=\"async\" width=\"1176\" height=\"784\" data-id=\"1551\" src=\"https:\/\/www.kamerunpartner.com\/home\/wp-content\/uploads\/2025\/03\/csm_ngaoubela-2014-2290_9df1f9c165.jpg\" alt=\"\" class=\"wp-image-1551\"\/><\/a><\/figure>\n\n\n\n<figure class=\"wp-block-image size-large\"><a href=\"https:\/\/www.kamerunpartner.com\/home\/wp-content\/uploads\/2025\/03\/csm_ngaoubela-2014-2407_b83abb4f1a.jpg\"><img loading=\"lazy\" decoding=\"async\" width=\"1176\" height=\"784\" data-id=\"1548\" src=\"https:\/\/www.kamerunpartner.com\/home\/wp-content\/uploads\/2025\/03\/csm_ngaoubela-2014-2407_b83abb4f1a.jpg\" alt=\"\" class=\"wp-image-1548\"\/><\/a><\/figure>\n\n\n\n<figure class=\"wp-block-image size-large\"><a href=\"https:\/\/www.kamerunpartner.com\/home\/wp-content\/uploads\/2025\/03\/csm_ngaoubela-2014-2421_5eaedb7495.jpg\"><img loading=\"lazy\" decoding=\"async\" width=\"1176\" height=\"784\" data-id=\"1547\" src=\"https:\/\/www.kamerunpartner.com\/home\/wp-content\/uploads\/2025\/03\/csm_ngaoubela-2014-2421_5eaedb7495.jpg\" alt=\"\" class=\"wp-image-1547\"\/><\/a><\/figure>\n\n\n\n<figure class=\"wp-block-image size-large\"><a href=\"https:\/\/www.kamerunpartner.com\/home\/wp-content\/uploads\/2025\/03\/csm_ngaoubela-2014-2466_5cbd9ec51d.jpg\"><img loading=\"lazy\" decoding=\"async\" width=\"1176\" height=\"784\" data-id=\"1546\" src=\"https:\/\/www.kamerunpartner.com\/home\/wp-content\/uploads\/2025\/03\/csm_ngaoubela-2014-2466_5cbd9ec51d.jpg\" alt=\"\" class=\"wp-image-1546\"\/><\/a><\/figure>\n\n\n\n<figure class=\"wp-block-image size-large\"><a href=\"https:\/\/www.kamerunpartner.com\/home\/wp-content\/uploads\/2025\/03\/csm_ngaoubela-2014-2509_5ed5bfee6e.jpg\"><img loading=\"lazy\" decoding=\"async\" width=\"1176\" height=\"784\" data-id=\"1545\" src=\"https:\/\/www.kamerunpartner.com\/home\/wp-content\/uploads\/2025\/03\/csm_ngaoubela-2014-2509_5ed5bfee6e.jpg\" alt=\"\" class=\"wp-image-1545\"\/><\/a><\/figure>\n\n\n\n<figure class=\"wp-block-image size-large\"><a href=\"https:\/\/www.kamerunpartner.com\/home\/wp-content\/uploads\/2025\/03\/csm_ngaubela-2014-2629-Bearbeitet-Bearbeitet_724705e0d5.jpg\"><img loading=\"lazy\" decoding=\"async\" width=\"1176\" height=\"411\" data-id=\"1544\" src=\"https:\/\/www.kamerunpartner.com\/home\/wp-content\/uploads\/2025\/03\/csm_ngaubela-2014-2629-Bearbeitet-Bearbeitet_724705e0d5.jpg\" alt=\"\" class=\"wp-image-1544\"\/><\/a><figcaption class=\"wp-element-caption\"><br><\/figcaption><\/figure>\n\n\n\n<figure class=\"wp-block-image size-large\"><a href=\"https:\/\/www.kamerunpartner.com\/home\/wp-content\/uploads\/2025\/03\/csm_ngaubela-2014-2657_87845f2ab1.jpg\"><img loading=\"lazy\" decoding=\"async\" width=\"1176\" height=\"784\" data-id=\"1543\" src=\"https:\/\/www.kamerunpartner.com\/home\/wp-content\/uploads\/2025\/03\/csm_ngaubela-2014-2657_87845f2ab1.jpg\" alt=\"\" class=\"wp-image-1543\"\/><\/a><\/figure>\n\n\n\n<figure class=\"wp-block-image size-large\"><a href=\"https:\/\/www.kamerunpartner.com\/home\/wp-content\/uploads\/2025\/03\/csm_ngaubela-2014-2743_d8fb1cd84b.jpg\"><img loading=\"lazy\" decoding=\"async\" width=\"1176\" height=\"784\" data-id=\"1542\" src=\"https:\/\/www.kamerunpartner.com\/home\/wp-content\/uploads\/2025\/03\/csm_ngaubela-2014-2743_d8fb1cd84b.jpg\" alt=\"\" class=\"wp-image-1542\"\/><\/a><\/figure>\n\n\n\n<figure class=\"wp-block-image size-large\"><a href=\"https:\/\/www.kamerunpartner.com\/home\/wp-content\/uploads\/2025\/03\/csm_ngaubela-2014-2820-Bearbeitet_6302463ef3.jpg\"><img loading=\"lazy\" decoding=\"async\" width=\"1176\" height=\"746\" data-id=\"1541\" src=\"https:\/\/www.kamerunpartner.com\/home\/wp-content\/uploads\/2025\/03\/csm_ngaubela-2014-2820-Bearbeitet_6302463ef3.jpg\" alt=\"\" class=\"wp-image-1541\"\/><\/a><\/figure>\n\n\n\n<figure class=\"wp-block-image size-large\"><a href=\"https:\/\/www.kamerunpartner.com\/home\/wp-content\/uploads\/2025\/03\/csm_ngaoubela-2014-2290_9df1f9c165-1.jpg\"><img loading=\"lazy\" decoding=\"async\" width=\"1176\" height=\"784\" data-id=\"1540\" src=\"https:\/\/www.kamerunpartner.com\/home\/wp-content\/uploads\/2025\/03\/csm_ngaoubela-2014-2290_9df1f9c165-1.jpg\" alt=\"\" class=\"wp-image-1540\"\/><\/a><\/figure>\n\n\n\n<figure class=\"wp-block-image size-large\"><a href=\"https:\/\/www.kamerunpartner.com\/home\/wp-content\/uploads\/2025\/03\/csm_ngaoubela-2014-2389-Bearbeitet_60f1cdfdf1.jpg\"><img loading=\"lazy\" decoding=\"async\" width=\"1176\" height=\"1366\" data-id=\"1550\" src=\"https:\/\/www.kamerunpartner.com\/home\/wp-content\/uploads\/2025\/03\/csm_ngaoubela-2014-2389-Bearbeitet_60f1cdfdf1.jpg\" alt=\"\" class=\"wp-image-1550\"\/><\/a><\/figure>\n\n\n\n<figure class=\"wp-block-image size-large\"><a href=\"https:\/\/www.kamerunpartner.com\/home\/wp-content\/uploads\/2025\/03\/csm_ngaoubela-2014-2393-Bearbeitet_0b2252af2d.jpg\"><img loading=\"lazy\" decoding=\"async\" width=\"1176\" height=\"889\" data-id=\"1549\" src=\"https:\/\/www.kamerunpartner.com\/home\/wp-content\/uploads\/2025\/03\/csm_ngaoubela-2014-2393-Bearbeitet_0b2252af2d.jpg\" alt=\"\" class=\"wp-image-1549\"\/><\/a><\/figure>\n\n\n\n<figure class=\"wp-block-image size-large\"><img loading=\"lazy\" decoding=\"async\" width=\"2048\" height=\"1536\" data-id=\"1533\" src=\"https:\/\/www.kamerunpartner.com\/home\/wp-content\/uploads\/2025\/03\/Bild11.jpg\" alt=\"\" class=\"wp-image-1533\"\/><\/figure>\n\n\n\n<figure class=\"wp-block-image size-large\"><a href=\"https:\/\/www.kamerunpartner.com\/home\/wp-content\/uploads\/2025\/03\/Bild10.jpg\"><img loading=\"lazy\" decoding=\"async\" width=\"2048\" height=\"1536\" data-id=\"1532\" src=\"https:\/\/www.kamerunpartner.com\/home\/wp-content\/uploads\/2025\/03\/Bild10.jpg\" alt=\"\" class=\"wp-image-1532\"\/><\/a><figcaption class=\"wp-element-caption\">\u00c0<\/figcaption><\/figure>\n\n\n\n<figure class=\"wp-block-image size-large\"><a href=\"https:\/\/www.kamerunpartner.com\/home\/wp-content\/uploads\/2025\/03\/Bild09.jpg\"><img loading=\"lazy\" decoding=\"async\" width=\"2048\" height=\"1544\" data-id=\"1531\" src=\"https:\/\/www.kamerunpartner.com\/home\/wp-content\/uploads\/2025\/03\/Bild09.jpg\" alt=\"\" class=\"wp-image-1531\"\/><\/a><\/figure>\n\n\n\n<figure class=\"wp-block-image size-large\"><a href=\"https:\/\/www.kamerunpartner.com\/home\/wp-content\/uploads\/2025\/03\/Bild08.jpg\"><img loading=\"lazy\" decoding=\"async\" width=\"2048\" height=\"1803\" data-id=\"1530\" src=\"https:\/\/www.kamerunpartner.com\/home\/wp-content\/uploads\/2025\/03\/Bild08.jpg\" alt=\"\" class=\"wp-image-1530\"\/><\/a><\/figure>\n\n\n\n<figure class=\"wp-block-image size-large\"><a href=\"https:\/\/www.kamerunpartner.com\/home\/wp-content\/uploads\/2025\/03\/Bild07.jpg\"><img loading=\"lazy\" decoding=\"async\" width=\"2048\" height=\"1592\" data-id=\"1529\" src=\"https:\/\/www.kamerunpartner.com\/home\/wp-content\/uploads\/2025\/03\/Bild07.jpg\" alt=\"\" class=\"wp-image-1529\"\/><\/a><\/figure>\n\n\n\n<figure class=\"wp-block-image size-large\"><a href=\"https:\/\/www.kamerunpartner.com\/home\/wp-content\/uploads\/2025\/03\/Bild06.jpg\"><img loading=\"lazy\" decoding=\"async\" width=\"2048\" height=\"1847\" data-id=\"1528\" src=\"https:\/\/www.kamerunpartner.com\/home\/wp-content\/uploads\/2025\/03\/Bild06.jpg\" alt=\"\" class=\"wp-image-1528\"\/><\/a><\/figure>\n\n\n\n<figure class=\"wp-block-image size-large\"><a href=\"https:\/\/www.kamerunpartner.com\/home\/wp-content\/uploads\/2025\/03\/Bild05.jpg\"><img loading=\"lazy\" decoding=\"async\" width=\"2048\" height=\"1686\" data-id=\"1527\" src=\"https:\/\/www.kamerunpartner.com\/home\/wp-content\/uploads\/2025\/03\/Bild05.jpg\" alt=\"\" class=\"wp-image-1527\"\/><\/a><\/figure>\n\n\n\n<figure class=\"wp-block-image size-large\"><a href=\"https:\/\/www.kamerunpartner.com\/home\/wp-content\/uploads\/2025\/03\/Bild04.jpg\"><img loading=\"lazy\" decoding=\"async\" width=\"2048\" height=\"1536\" data-id=\"1526\" src=\"https:\/\/www.kamerunpartner.com\/home\/wp-content\/uploads\/2025\/03\/Bild04.jpg\" alt=\"\" class=\"wp-image-1526\"\/><\/a><\/figure>\n\n\n\n<figure class=\"wp-block-image size-large\"><a href=\"https:\/\/www.kamerunpartner.com\/home\/wp-content\/uploads\/2025\/03\/Bild03.jpg\"><img loading=\"lazy\" decoding=\"async\" width=\"2048\" height=\"1342\" data-id=\"1525\" src=\"https:\/\/www.kamerunpartner.com\/home\/wp-content\/uploads\/2025\/03\/Bild03.jpg\" alt=\"\" class=\"wp-image-1525\"\/><\/a><\/figure>\n<\/figure>\n\n\n\n<br>\n\n\n\n<div class=\"wp-block-buttons is-content-justification-center is-layout-flex wp-container-core-buttons-is-layout-a89b3969 wp-block-buttons-is-layout-flex\">\n<div class=\"wp-block-button\"><a class=\"wp-block-button__link has-text-align-center wp-element-button\" href=\"https:\/\/www.kamerunpartner.com\/home\/op_trakt\/\">Bericht<\/a><\/div>\n<\/div>\n\n\n\n<br>\n\n\n\n<figure class=\"wp-block-table is-style-regular has-medium-font-size\" style=\"padding-top:0;padding-bottom:0\"><table class=\"has-ast-global-color-7-background-color has-background has-fixed-layout\" style=\"border-style:none;border-width:0px\"><tbody><tr><td class=\"has-text-align-center\" data-align=\"center\"><strong>Entwicklungspartnerschaft f\u00fcr Kamerun<\/strong><br><strong>Spendenkonto: Vorarlberger Hypothekenbank   &#8211;   IBAN: AT33 5800 0123 5853 5117&nbsp; BIC: HYPVAT2B<\/strong><\/td><\/tr><\/tbody><\/table><\/figure>\n\n\n\n<p><\/p>\n","protected":false},"excerpt":{"rendered":"<p>Der neue Operationstrakt ist er\u00f6ffnet und in Betrieb genommen 2011 &#8211; 2014 Am 19. M\u00e4rz 2014 wurde der neue Operationstrakt des Krankenhauses Ngaoubela feierlich er\u00f6ffnet. Dank des engagierten Einsatzes vieler Menschen verbessert dieser Neubau die medizinische Versorgung der gesamten Region und steht als Symbol f\u00fcr erfolgreiche Zusammenarbeit und gemeinsames Engagement. . Entwicklungspartnerschaft f\u00fcr KamerunSpendenkonto: Vorarlberger [&hellip;]<\/p>\n","protected":false},"author":1,"featured_media":0,"parent":0,"menu_order":0,"comment_status":"closed","ping_status":"closed","template":"","meta":{"site-sidebar-layout":"left-sidebar","site-content-layout":"","ast-site-content-layout":"","site-content-style":"default","site-sidebar-style":"default","ast-global-header-display":"","ast-banner-title-visibility":"","ast-main-header-display":"","ast-hfb-above-header-display":"","ast-hfb-below-header-display":"","ast-hfb-mobile-header-display":"","site-post-title":"disabled","ast-breadcrumbs-content":"","ast-featured-img":"disabled","footer-sml-layout":"","ast-disable-related-posts":"","theme-transparent-header-meta":"","adv-header-id-meta":"","stick-header-meta":"","header-above-stick-meta":"","header-main-stick-meta":"","header-below-stick-meta":"","astra-migrate-meta-layouts":"default","ast-page-background-enabled":"default","ast-page-background-meta":{"desktop":{"background-color":"var(--ast-global-color-5)","background-image":"","background-repeat":"repeat","background-position":"center center","background-size":"auto","background-attachment":"scroll","background-type":"","background-media":"","overlay-type":"","overlay-color":"","overlay-opacity":"","overlay-gradient":""},"tablet":{"background-color":"","background-image":"","background-repeat":"repeat","background-position":"center center","background-size":"auto","background-attachment":"scroll","background-type":"","background-media":"","overlay-type":"","overlay-color":"","overlay-opacity":"","overlay-gradient":""},"mobile":{"background-color":"","background-image":"","background-repeat":"repeat","background-position":"center center","background-size":"auto","background-attachment":"scroll","background-type":"","background-media":"","overlay-type":"","overlay-color":"","overlay-opacity":"","overlay-gradient":""}},"ast-content-background-meta":{"desktop":{"background-color":"var(--ast-global-color-4)","background-image":"","background-repeat":"repeat","background-position":"center center","background-size":"auto","background-attachment":"scroll","background-type":"","background-media":"","overlay-type":"","overlay-color":"","overlay-opacity":"","overlay-gradient":""},"tablet":{"background-color":"var(--ast-global-color-4)","background-image":"","background-repeat":"repeat","background-position":"center center","background-size":"auto","background-attachment":"scroll","background-type":"","background-media":"","overlay-type":"","overlay-color":"","overlay-opacity":"","overlay-gradient":""},"mobile":{"background-color":"var(--ast-global-color-4)","background-image":"","background-repeat":"repeat","background-position":"center center","background-size":"auto","background-attachment":"scroll","background-type":"","background-media":"","overlay-type":"","overlay-color":"","overlay-opacity":"","overlay-gradient":""}},"footnotes":""},"class_list":["post-1383","page","type-page","status-publish","hentry"],"_links":{"self":[{"href":"https:\/\/www.kamerunpartner.com\/home\/wp-json\/wp\/v2\/pages\/1383","targetHints":{"allow":["GET"]}}],"collection":[{"href":"https:\/\/www.kamerunpartner.com\/home\/wp-json\/wp\/v2\/pages"}],"about":[{"href":"https:\/\/www.kamerunpartner.com\/home\/wp-json\/wp\/v2\/types\/page"}],"author":[{"embeddable":true,"href":"https:\/\/www.kamerunpartner.com\/home\/wp-json\/wp\/v2\/users\/1"}],"replies":[{"embeddable":true,"href":"https:\/\/www.kamerunpartner.com\/home\/wp-json\/wp\/v2\/comments?post=1383"}],"version-history":[{"count":52,"href":"https:\/\/www.kamerunpartner.com\/home\/wp-json\/wp\/v2\/pages\/1383\/revisions"}],"predecessor-version":[{"id":2578,"href":"https:\/\/www.kamerunpartner.com\/home\/wp-json\/wp\/v2\/pages\/1383\/revisions\/2578"}],"wp:attachment":[{"href":"https:\/\/www.kamerunpartner.com\/home\/wp-json\/wp\/v2\/media?parent=1383"}],"curies":[{"name":"wp","href":"https:\/\/api.w.org\/{rel}","templated":true}]}}